{"id":1053,"date":"2024-12-05T12:46:09","date_gmt":"2024-12-05T11:46:09","guid":{"rendered":"https:\/\/pletix.hr\/?post_type=product&#038;p=1053"},"modified":"2026-01-27T13:23:45","modified_gmt":"2026-01-27T12:23:45","slug":"pavla","status":"publish","type":"product","link":"https:\/\/pletix.hr\/en\/product\/pavla\/","title":{"rendered":"Pavla"},"content":{"rendered":"<ul>\n<li>Udobne pamu\u010dne ga\u0107ice visokog struka s elastanom<\/li>\n<li>No\u017eni izrez na prednjem dijelu dvostruki be\u0161avan za dodatni komfor<\/li>\n<li>Dostupno u ve\u0107im veli\u010dinama<\/li>\n<\/ul>\n<p>&nbsp;<\/p>\n","protected":false},"excerpt":{"rendered":"<p>Udobne pamu\u010dne ga\u0107ice visokog struka s elastanom No\u017eni izrez na prednjem dijelu dvostruki be\u0161avan za dodatni komfor Dostupno u ve\u0107im veli\u010dinama &nbsp;<\/p>\n","protected":false},"featured_media":1056,"comment_status":"closed","ping_status":"closed","template":"","meta":{"_acf_changed":false},"product_brand":[],"product_cat":[36,39],"product_tag":[],"class_list":{"0":"post-1053","1":"product","2":"type-product","3":"status-publish","4":"has-post-thumbnail","6":"product_cat-donje-rublje","7":"product_cat-zenske-gacice-i-steznici","9":"first","10":"instock","11":"shipping-taxable","12":"purchasable","13":"product-type-variable"},"acf":[],"_links":{"self":[{"href":"https:\/\/pletix.hr\/en\/wp-json\/wp\/v2\/product\/1053","targetHints":{"allow":["GET"]}}],"collection":[{"href":"https:\/\/pletix.hr\/en\/wp-json\/wp\/v2\/product"}],"about":[{"href":"https:\/\/pletix.hr\/en\/wp-json\/wp\/v2\/types\/product"}],"replies":[{"embeddable":true,"href":"https:\/\/pletix.hr\/en\/wp-json\/wp\/v2\/comments?post=1053"}],"wp:featuredmedia":[{"embeddable":true,"href":"https:\/\/pletix.hr\/en\/wp-json\/wp\/v2\/media\/1056"}],"wp:attachment":[{"href":"https:\/\/pletix.hr\/en\/wp-json\/wp\/v2\/media?parent=1053"}],"wp:term":[{"taxonomy":"product_brand","embeddable":true,"href":"https:\/\/pletix.hr\/en\/wp-json\/wp\/v2\/product_brand?post=1053"},{"taxonomy":"product_cat","embeddable":true,"href":"https:\/\/pletix.hr\/en\/wp-json\/wp\/v2\/product_cat?post=1053"},{"taxonomy":"product_tag","embeddable":true,"href":"https:\/\/pletix.hr\/en\/wp-json\/wp\/v2\/product_tag?post=1053"}],"curies":[{"name":"wp","href":"https:\/\/api.w.org\/{rel}","templated":true}]}}