{"id":1070,"date":"2024-12-05T12:59:27","date_gmt":"2024-12-05T11:59:27","guid":{"rendered":"https:\/\/pletix.hr\/?post_type=product&#038;p=1070"},"modified":"2026-02-17T13:30:26","modified_gmt":"2026-02-17T12:30:26","slug":"tuja","status":"publish","type":"product","link":"https:\/\/pletix.hr\/en\/product\/tuja\/","title":{"rendered":"Tuja"},"content":{"rendered":"<ul>\n<li>Ugodne ga\u0107ice niskog struka<\/li>\n<li>Bez elastike u rubovima daje be\u0161avni glatki osje\u0107aj<\/li>\n<li>Idealne za no\u0161enje ispod pripijene odje\u0107e<\/li>\n<li>Kroj koji svima dobro pristaje<\/li>\n<li>Za svakodnevno no\u0161enje<\/li>\n<\/ul>\n","protected":false},"excerpt":{"rendered":"<p>Ugodne ga\u0107ice niskog struka Bez elastike u rubovima daje be\u0161avni glatki osje\u0107aj Idealne za no\u0161enje ispod pripijene odje\u0107e Kroj koji svima dobro pristaje Za svakodnevno no\u0161enje<\/p>\n","protected":false},"featured_media":1098,"comment_status":"closed","ping_status":"closed","template":"","meta":{"_acf_changed":false},"product_brand":[],"product_cat":[36,39],"product_tag":[],"class_list":{"0":"post-1070","1":"product","2":"type-product","3":"status-publish","4":"has-post-thumbnail","6":"product_cat-donje-rublje","7":"product_cat-zenske-gacice-i-steznici","9":"first","10":"instock","11":"shipping-taxable","12":"purchasable","13":"product-type-variable"},"acf":[],"_links":{"self":[{"href":"https:\/\/pletix.hr\/en\/wp-json\/wp\/v2\/product\/1070","targetHints":{"allow":["GET"]}}],"collection":[{"href":"https:\/\/pletix.hr\/en\/wp-json\/wp\/v2\/product"}],"about":[{"href":"https:\/\/pletix.hr\/en\/wp-json\/wp\/v2\/types\/product"}],"replies":[{"embeddable":true,"href":"https:\/\/pletix.hr\/en\/wp-json\/wp\/v2\/comments?post=1070"}],"wp:featuredmedia":[{"embeddable":true,"href":"https:\/\/pletix.hr\/en\/wp-json\/wp\/v2\/media\/1098"}],"wp:attachment":[{"href":"https:\/\/pletix.hr\/en\/wp-json\/wp\/v2\/media?parent=1070"}],"wp:term":[{"taxonomy":"product_brand","embeddable":true,"href":"https:\/\/pletix.hr\/en\/wp-json\/wp\/v2\/product_brand?post=1070"},{"taxonomy":"product_cat","embeddable":true,"href":"https:\/\/pletix.hr\/en\/wp-json\/wp\/v2\/product_cat?post=1070"},{"taxonomy":"product_tag","embeddable":true,"href":"https:\/\/pletix.hr\/en\/wp-json\/wp\/v2\/product_tag?post=1070"}],"curies":[{"name":"wp","href":"https:\/\/api.w.org\/{rel}","templated":true}]}}