{"id":1119,"date":"2024-12-06T07:42:50","date_gmt":"2024-12-06T06:42:50","guid":{"rendered":"https:\/\/pletix.hr\/?post_type=product&#038;p=1119"},"modified":"2026-02-15T18:28:53","modified_gmt":"2026-02-15T17:28:53","slug":"togana","status":"publish","type":"product","link":"https:\/\/pletix.hr\/en\/product\/togana\/","title":{"rendered":"Togana"},"content":{"rendered":"<ul>\n<li>Udoban kroj ga\u0107ica srednje visine<\/li>\n<li>\u0160ira elastika u struku za dodatnu sigurnost<\/li>\n<li>Rubovi bez elastike, be\u0161avni osje\u0107aj<\/li>\n<li>Prednja i stra\u017enja strana glatke<\/li>\n<li>Intimni dio oja\u010dan pamukom<\/li>\n<\/ul>\n","protected":false},"excerpt":{"rendered":"<p>Udoban kroj ga\u0107ica srednje visine \u0160ira elastika u struku za dodatnu sigurnost Rubovi bez elastike, be\u0161avni osje\u0107aj Prednja i stra\u017enja strana glatke Intimni dio oja\u010dan pamukom<\/p>\n","protected":false},"featured_media":1132,"comment_status":"closed","ping_status":"closed","template":"","meta":{"_acf_changed":false},"product_brand":[],"product_cat":[36,39],"product_tag":[],"class_list":{"0":"post-1119","1":"product","2":"type-product","3":"status-publish","4":"has-post-thumbnail","6":"product_cat-donje-rublje","7":"product_cat-zenske-gacice-i-steznici","9":"first","10":"instock","11":"shipping-taxable","12":"purchasable","13":"product-type-variable"},"acf":[],"_links":{"self":[{"href":"https:\/\/pletix.hr\/en\/wp-json\/wp\/v2\/product\/1119","targetHints":{"allow":["GET"]}}],"collection":[{"href":"https:\/\/pletix.hr\/en\/wp-json\/wp\/v2\/product"}],"about":[{"href":"https:\/\/pletix.hr\/en\/wp-json\/wp\/v2\/types\/product"}],"replies":[{"embeddable":true,"href":"https:\/\/pletix.hr\/en\/wp-json\/wp\/v2\/comments?post=1119"}],"wp:featuredmedia":[{"embeddable":true,"href":"https:\/\/pletix.hr\/en\/wp-json\/wp\/v2\/media\/1132"}],"wp:attachment":[{"href":"https:\/\/pletix.hr\/en\/wp-json\/wp\/v2\/media?parent=1119"}],"wp:term":[{"taxonomy":"product_brand","embeddable":true,"href":"https:\/\/pletix.hr\/en\/wp-json\/wp\/v2\/product_brand?post=1119"},{"taxonomy":"product_cat","embeddable":true,"href":"https:\/\/pletix.hr\/en\/wp-json\/wp\/v2\/product_cat?post=1119"},{"taxonomy":"product_tag","embeddable":true,"href":"https:\/\/pletix.hr\/en\/wp-json\/wp\/v2\/product_tag?post=1119"}],"curies":[{"name":"wp","href":"https:\/\/api.w.org\/{rel}","templated":true}]}}