{"id":1414,"date":"2024-12-10T13:22:38","date_gmt":"2024-12-10T12:22:38","guid":{"rendered":"https:\/\/pletix.hr\/?post_type=product&#038;p=1414"},"modified":"2025-11-27T16:52:02","modified_gmt":"2025-11-27T15:52:02","slug":"ivek","status":"publish","type":"product","link":"https:\/\/pletix.hr\/en\/product\/ivek\/","title":{"rendered":"Ivek"},"content":{"rendered":"<ul>\n<li>Mu\u0161ka klasi\u010dna\u00a0pamu\u010dna potko\u0161ulja<\/li>\n<li>Fini rebrasti pamuk koji se razvla\u010di i savr\u0161eno prianja uz tijelo<\/li>\n<\/ul>\n<p>&nbsp;<\/p>\n","protected":false},"excerpt":{"rendered":"<p>Mu\u0161ka klasi\u010dna\u00a0pamu\u010dna potko\u0161ulja Fini rebrasti pamuk koji se razvla\u010di i savr\u0161eno prianja uz tijelo &nbsp;<\/p>\n","protected":false},"featured_media":1445,"comment_status":"closed","ping_status":"closed","template":"","meta":{"_acf_changed":false},"product_brand":[],"product_cat":[36,49,40,47],"product_tag":[],"class_list":{"0":"post-1414","1":"product","2":"type-product","3":"status-publish","4":"has-post-thumbnail","6":"product_cat-donje-rublje","7":"product_cat-muskarci","8":"product_cat-musko-donje-rublje","9":"product_cat-outlet","11":"first","12":"instock","13":"sale","14":"shipping-taxable","15":"purchasable","16":"product-type-variable"},"acf":[],"_links":{"self":[{"href":"https:\/\/pletix.hr\/en\/wp-json\/wp\/v2\/product\/1414","targetHints":{"allow":["GET"]}}],"collection":[{"href":"https:\/\/pletix.hr\/en\/wp-json\/wp\/v2\/product"}],"about":[{"href":"https:\/\/pletix.hr\/en\/wp-json\/wp\/v2\/types\/product"}],"replies":[{"embeddable":true,"href":"https:\/\/pletix.hr\/en\/wp-json\/wp\/v2\/comments?post=1414"}],"wp:featuredmedia":[{"embeddable":true,"href":"https:\/\/pletix.hr\/en\/wp-json\/wp\/v2\/media\/1445"}],"wp:attachment":[{"href":"https:\/\/pletix.hr\/en\/wp-json\/wp\/v2\/media?parent=1414"}],"wp:term":[{"taxonomy":"product_brand","embeddable":true,"href":"https:\/\/pletix.hr\/en\/wp-json\/wp\/v2\/product_brand?post=1414"},{"taxonomy":"product_cat","embeddable":true,"href":"https:\/\/pletix.hr\/en\/wp-json\/wp\/v2\/product_cat?post=1414"},{"taxonomy":"product_tag","embeddable":true,"href":"https:\/\/pletix.hr\/en\/wp-json\/wp\/v2\/product_tag?post=1414"}],"curies":[{"name":"wp","href":"https:\/\/api.w.org\/{rel}","templated":true}]}}