{"id":1449,"date":"2024-12-10T14:01:57","date_gmt":"2024-12-10T13:01:57","guid":{"rendered":"https:\/\/pletix.hr\/?post_type=product&#038;p=1449"},"modified":"2025-10-17T13:23:08","modified_gmt":"2025-10-17T11:23:08","slug":"uomo-u","status":"publish","type":"product","link":"https:\/\/pletix.hr\/en\/product\/uomo-u\/","title":{"rendered":"Uomo &#8211; U"},"content":{"rendered":"<ul>\n<li>Mu\u0161ka donja majica s kratkim rukavima<\/li>\n<li>Okrugli izrez prikladan za svakodnevno no\u0161enje<\/li>\n<li>Izra\u0111eno od finog mekanog pamuka s elastanom<\/li>\n<li>U\u017ei kroj koji prianja uz tijelo<\/li>\n<\/ul>\n<p>&nbsp;<\/p>\n","protected":false},"excerpt":{"rendered":"<p>Mu\u0161ka donja majica s kratkim rukavima Okrugli izrez prikladan za svakodnevno no\u0161enje Izra\u0111eno od finog mekanog pamuka s elastanom U\u017ei kroj koji prianja uz tijelo &nbsp;<\/p>\n","protected":false},"featured_media":1450,"comment_status":"closed","ping_status":"closed","template":"","meta":{"_acf_changed":false},"product_brand":[],"product_cat":[36,40],"product_tag":[],"class_list":{"0":"post-1449","1":"product","2":"type-product","3":"status-publish","4":"has-post-thumbnail","6":"product_cat-donje-rublje","7":"product_cat-musko-donje-rublje","9":"first","10":"instock","11":"shipping-taxable","12":"purchasable","13":"product-type-variable"},"acf":[],"_links":{"self":[{"href":"https:\/\/pletix.hr\/en\/wp-json\/wp\/v2\/product\/1449","targetHints":{"allow":["GET"]}}],"collection":[{"href":"https:\/\/pletix.hr\/en\/wp-json\/wp\/v2\/product"}],"about":[{"href":"https:\/\/pletix.hr\/en\/wp-json\/wp\/v2\/types\/product"}],"replies":[{"embeddable":true,"href":"https:\/\/pletix.hr\/en\/wp-json\/wp\/v2\/comments?post=1449"}],"wp:featuredmedia":[{"embeddable":true,"href":"https:\/\/pletix.hr\/en\/wp-json\/wp\/v2\/media\/1450"}],"wp:attachment":[{"href":"https:\/\/pletix.hr\/en\/wp-json\/wp\/v2\/media?parent=1449"}],"wp:term":[{"taxonomy":"product_brand","embeddable":true,"href":"https:\/\/pletix.hr\/en\/wp-json\/wp\/v2\/product_brand?post=1449"},{"taxonomy":"product_cat","embeddable":true,"href":"https:\/\/pletix.hr\/en\/wp-json\/wp\/v2\/product_cat?post=1449"},{"taxonomy":"product_tag","embeddable":true,"href":"https:\/\/pletix.hr\/en\/wp-json\/wp\/v2\/product_tag?post=1449"}],"curies":[{"name":"wp","href":"https:\/\/api.w.org\/{rel}","templated":true}]}}