{"id":1499,"date":"2024-12-11T11:19:48","date_gmt":"2024-12-11T10:19:48","guid":{"rendered":"https:\/\/pletix.hr\/?post_type=product&#038;p=1499"},"modified":"2026-02-15T08:30:57","modified_gmt":"2026-02-15T07:30:57","slug":"misko","status":"publish","type":"product","link":"https:\/\/pletix.hr\/en\/product\/misko\/","title":{"rendered":"Mi\u0161ko"},"content":{"rendered":"<ul>\n<li>Klasi\u010dne pamu\u010dne slip ga\u0107e s elastanom<\/li>\n<li>Bez funkcionalnog otvora<\/li>\n<li>Prednja strana podstavljena<\/li>\n<li>U struku pro\u0161ivena elastika<\/li>\n<\/ul>\n","protected":false},"excerpt":{"rendered":"<p>Klasi\u010dne pamu\u010dne slip ga\u0107e s elastanom Bez funkcionalnog otvora Prednja strana podstavljena U struku pro\u0161ivena elastika<\/p>\n","protected":false},"featured_media":1581,"comment_status":"closed","ping_status":"closed","template":"","meta":{"_acf_changed":false},"product_brand":[],"product_cat":[36,49,40,47],"product_tag":[],"class_list":{"0":"post-1499","1":"product","2":"type-product","3":"status-publish","4":"has-post-thumbnail","6":"product_cat-donje-rublje","7":"product_cat-muskarci","8":"product_cat-musko-donje-rublje","9":"product_cat-outlet","11":"first","12":"instock","13":"sale","14":"shipping-taxable","15":"purchasable","16":"product-type-variable"},"acf":[],"_links":{"self":[{"href":"https:\/\/pletix.hr\/en\/wp-json\/wp\/v2\/product\/1499","targetHints":{"allow":["GET"]}}],"collection":[{"href":"https:\/\/pletix.hr\/en\/wp-json\/wp\/v2\/product"}],"about":[{"href":"https:\/\/pletix.hr\/en\/wp-json\/wp\/v2\/types\/product"}],"replies":[{"embeddable":true,"href":"https:\/\/pletix.hr\/en\/wp-json\/wp\/v2\/comments?post=1499"}],"wp:featuredmedia":[{"embeddable":true,"href":"https:\/\/pletix.hr\/en\/wp-json\/wp\/v2\/media\/1581"}],"wp:attachment":[{"href":"https:\/\/pletix.hr\/en\/wp-json\/wp\/v2\/media?parent=1499"}],"wp:term":[{"taxonomy":"product_brand","embeddable":true,"href":"https:\/\/pletix.hr\/en\/wp-json\/wp\/v2\/product_brand?post=1499"},{"taxonomy":"product_cat","embeddable":true,"href":"https:\/\/pletix.hr\/en\/wp-json\/wp\/v2\/product_cat?post=1499"},{"taxonomy":"product_tag","embeddable":true,"href":"https:\/\/pletix.hr\/en\/wp-json\/wp\/v2\/product_tag?post=1499"}],"curies":[{"name":"wp","href":"https:\/\/api.w.org\/{rel}","templated":true}]}}