{"id":1650,"date":"2024-12-16T07:35:58","date_gmt":"2024-12-16T06:35:58","guid":{"rendered":"https:\/\/pletix.hr\/?post_type=product&#038;p=1650"},"modified":"2026-03-17T15:07:42","modified_gmt":"2026-03-17T14:07:42","slug":"nastja","status":"publish","type":"product","link":"https:\/\/pletix.hr\/en\/product\/nastja\/","title":{"rendered":"Nastja"},"content":{"rendered":"<ul>\n<li>Push-up grudnjak savr\u0161en i za ne\u0161to punije grudi, koji pru\u017ea oblikovanje i dodatnu podr\u0161ku<\/li>\n<li>\u0160ire naramenice s regulatorom jam\u010de sigurnost i omogu\u0107uju lako prilago\u0111avanje du\u017eine<\/li>\n<li>Ga\u0107ice srednje visine idealno pristaju tijelu<\/li>\n<li>Vezanje sa strane omogu\u0107ava pode\u0161avanje \u0161irine ga\u0107ica<\/li>\n<li>Podstavljene ga\u0107ice osiguravaju dodatnu udobnost<\/li>\n<\/ul>\n","protected":false},"excerpt":{"rendered":"<p>Push-up grudnjak savr\u0161en i za ne\u0161to punije grudi, koji pru\u017ea oblikovanje i dodatnu podr\u0161ku \u0160ire naramenice s regulatorom jam\u010de sigurnost i omogu\u0107uju lako prilago\u0111avanje du\u017eine Ga\u0107ice srednje visine idealno pristaju tijelu Vezanje sa strane omogu\u0107ava pode\u0161avanje \u0161irine ga\u0107ica Podstavljene ga\u0107ice osiguravaju dodatnu udobnost<\/p>\n","protected":false},"featured_media":4386,"comment_status":"closed","ping_status":"closed","template":"","meta":{"_acf_changed":false},"product_brand":[],"product_cat":[29,47,48,30],"product_tag":[308,310,306,309],"class_list":{"0":"post-1650","1":"product","2":"type-product","3":"status-publish","4":"has-post-thumbnail","6":"product_cat-kupaci-kostimi","7":"product_cat-outlet","8":"product_cat-zene","9":"product_cat-zenski-kupaci","10":"product_tag-kosarica","11":"product_tag-push-up","12":"product_tag-zenski-dvodijelni-kupaci","13":"product_tag-zica","15":"first","16":"instock","17":"sale","18":"shipping-taxable","19":"purchasable","20":"product-type-variable"},"acf":[],"_links":{"self":[{"href":"https:\/\/pletix.hr\/en\/wp-json\/wp\/v2\/product\/1650","targetHints":{"allow":["GET"]}}],"collection":[{"href":"https:\/\/pletix.hr\/en\/wp-json\/wp\/v2\/product"}],"about":[{"href":"https:\/\/pletix.hr\/en\/wp-json\/wp\/v2\/types\/product"}],"replies":[{"embeddable":true,"href":"https:\/\/pletix.hr\/en\/wp-json\/wp\/v2\/comments?post=1650"}],"wp:featuredmedia":[{"embeddable":true,"href":"https:\/\/pletix.hr\/en\/wp-json\/wp\/v2\/media\/4386"}],"wp:attachment":[{"href":"https:\/\/pletix.hr\/en\/wp-json\/wp\/v2\/media?parent=1650"}],"wp:term":[{"taxonomy":"product_brand","embeddable":true,"href":"https:\/\/pletix.hr\/en\/wp-json\/wp\/v2\/product_brand?post=1650"},{"taxonomy":"product_cat","embeddable":true,"href":"https:\/\/pletix.hr\/en\/wp-json\/wp\/v2\/product_cat?post=1650"},{"taxonomy":"product_tag","embeddable":true,"href":"https:\/\/pletix.hr\/en\/wp-json\/wp\/v2\/product_tag?post=1650"}],"curies":[{"name":"wp","href":"https:\/\/api.w.org\/{rel}","templated":true}]}}