{"id":1655,"date":"2024-12-16T07:38:29","date_gmt":"2024-12-16T06:38:29","guid":{"rendered":"https:\/\/pletix.hr\/?post_type=product&#038;p=1655"},"modified":"2026-03-17T15:06:57","modified_gmt":"2026-03-17T14:06:57","slug":"delicija","status":"publish","type":"product","link":"https:\/\/pletix.hr\/en\/product\/delicija\/","title":{"rendered":"Delicija"},"content":{"rendered":"<ul>\n<li data-section-id=\"10tflgp\" data-start=\"133\" data-end=\"209\">\n<p data-start=\"135\" data-end=\"209\">Grudnjak s kalupiranim ko\u0161aricama i \u017eicom za bolju potporu i oblikovanje<\/p>\n<\/li>\n<li data-section-id=\"1ci2qnk\" data-start=\"210\" data-end=\"273\">\n<p data-start=\"212\" data-end=\"273\">Naramenice s regulatorima za jednostavno pode\u0161avanje duljine<\/p>\n<\/li>\n<li data-section-id=\"s93z9e\" data-start=\"347\" data-end=\"403\">\n<p data-start=\"349\" data-end=\"403\">Moderan i \u017eenstven model<\/p>\n<\/li>\n<\/ul>\n","protected":false},"excerpt":{"rendered":"<p>Grudnjak s kalupiranim ko\u0161aricama i \u017eicom za bolju potporu i oblikovanje Naramenice s regulatorima za jednostavno pode\u0161avanje duljine Moderan i \u017eenstven model<\/p>\n","protected":false},"featured_media":4475,"comment_status":"closed","ping_status":"closed","template":"","meta":{"_acf_changed":false},"product_brand":[],"product_cat":[29,47,48,30],"product_tag":[301,308,304,309],"class_list":{"0":"post-1655","1":"product","2":"type-product","3":"status-publish","4":"has-post-thumbnail","6":"product_cat-kupaci-kostimi","7":"product_cat-outlet","8":"product_cat-zene","9":"product_cat-zenski-kupaci","10":"product_tag-jednodijelni","11":"product_tag-kosarica","12":"product_tag-zenski-jednodijelni-kupaci-kostim","13":"product_tag-zica","15":"first","16":"instock","17":"sale","18":"shipping-taxable","19":"purchasable","20":"product-type-variable"},"acf":[],"_links":{"self":[{"href":"https:\/\/pletix.hr\/en\/wp-json\/wp\/v2\/product\/1655","targetHints":{"allow":["GET"]}}],"collection":[{"href":"https:\/\/pletix.hr\/en\/wp-json\/wp\/v2\/product"}],"about":[{"href":"https:\/\/pletix.hr\/en\/wp-json\/wp\/v2\/types\/product"}],"replies":[{"embeddable":true,"href":"https:\/\/pletix.hr\/en\/wp-json\/wp\/v2\/comments?post=1655"}],"wp:featuredmedia":[{"embeddable":true,"href":"https:\/\/pletix.hr\/en\/wp-json\/wp\/v2\/media\/4475"}],"wp:attachment":[{"href":"https:\/\/pletix.hr\/en\/wp-json\/wp\/v2\/media?parent=1655"}],"wp:term":[{"taxonomy":"product_brand","embeddable":true,"href":"https:\/\/pletix.hr\/en\/wp-json\/wp\/v2\/product_brand?post=1655"},{"taxonomy":"product_cat","embeddable":true,"href":"https:\/\/pletix.hr\/en\/wp-json\/wp\/v2\/product_cat?post=1655"},{"taxonomy":"product_tag","embeddable":true,"href":"https:\/\/pletix.hr\/en\/wp-json\/wp\/v2\/product_tag?post=1655"}],"curies":[{"name":"wp","href":"https:\/\/api.w.org\/{rel}","templated":true}]}}