{"id":1667,"date":"2024-12-16T08:20:32","date_gmt":"2024-12-16T07:20:32","guid":{"rendered":"https:\/\/pletix.hr\/?post_type=product&#038;p=1667"},"modified":"2026-03-17T14:29:39","modified_gmt":"2026-03-17T13:29:39","slug":"berna","status":"publish","type":"product","link":"https:\/\/pletix.hr\/en\/product\/berna\/","title":{"rendered":"Berna"},"content":{"rendered":"<ul>\n<li>\u017denski jednodijelni kupa\u0107i kostim s \u017eicom<\/li>\n<li>Prednji dio potpuno podstavljen, s na\u0161ivenom \u017eicom i \u0161irom elastikom ispod grudi za dodatnu sigurnost<\/li>\n<li>\u010cvrsta naramenica s regulatorom straga za pode\u0161avanje du\u017eine<\/li>\n<li>Le\u0111a klasi\u010dno otvorena<\/li>\n<\/ul>\n","protected":false},"excerpt":{"rendered":"<p>\u017denski jednodijelni kupa\u0107i kostim s \u017eicom Prednji dio potpuno podstavljen, s na\u0161ivenom \u017eicom i \u0161irom elastikom ispod grudi za dodatnu sigurnost \u010cvrsta naramenica s regulatorom straga za pode\u0161avanje du\u017eine Le\u0111a klasi\u010dno otvorena<\/p>\n","protected":false},"featured_media":2876,"comment_status":"closed","ping_status":"closed","template":"","meta":{"_acf_changed":false},"product_brand":[],"product_cat":[29,47,48,30],"product_tag":[301,304,309],"class_list":{"0":"post-1667","1":"product","2":"type-product","3":"status-publish","4":"has-post-thumbnail","6":"product_cat-kupaci-kostimi","7":"product_cat-outlet","8":"product_cat-zene","9":"product_cat-zenski-kupaci","10":"product_tag-jednodijelni","11":"product_tag-zenski-jednodijelni-kupaci-kostim","12":"product_tag-zica","14":"first","15":"instock","16":"sale","17":"shipping-taxable","18":"purchasable","19":"product-type-variable"},"acf":[],"_links":{"self":[{"href":"https:\/\/pletix.hr\/en\/wp-json\/wp\/v2\/product\/1667","targetHints":{"allow":["GET"]}}],"collection":[{"href":"https:\/\/pletix.hr\/en\/wp-json\/wp\/v2\/product"}],"about":[{"href":"https:\/\/pletix.hr\/en\/wp-json\/wp\/v2\/types\/product"}],"replies":[{"embeddable":true,"href":"https:\/\/pletix.hr\/en\/wp-json\/wp\/v2\/comments?post=1667"}],"wp:featuredmedia":[{"embeddable":true,"href":"https:\/\/pletix.hr\/en\/wp-json\/wp\/v2\/media\/2876"}],"wp:attachment":[{"href":"https:\/\/pletix.hr\/en\/wp-json\/wp\/v2\/media?parent=1667"}],"wp:term":[{"taxonomy":"product_brand","embeddable":true,"href":"https:\/\/pletix.hr\/en\/wp-json\/wp\/v2\/product_brand?post=1667"},{"taxonomy":"product_cat","embeddable":true,"href":"https:\/\/pletix.hr\/en\/wp-json\/wp\/v2\/product_cat?post=1667"},{"taxonomy":"product_tag","embeddable":true,"href":"https:\/\/pletix.hr\/en\/wp-json\/wp\/v2\/product_tag?post=1667"}],"curies":[{"name":"wp","href":"https:\/\/api.w.org\/{rel}","templated":true}]}}