{"id":1673,"date":"2024-12-16T08:25:49","date_gmt":"2024-12-16T07:25:49","guid":{"rendered":"https:\/\/pletix.hr\/?post_type=product&#038;p=1673"},"modified":"2026-03-25T06:18:21","modified_gmt":"2026-03-25T05:18:21","slug":"vaba","status":"publish","type":"product","link":"https:\/\/pletix.hr\/en\/product\/vaba\/","title":{"rendered":"Vaba"},"content":{"rendered":"<ul>\n<li data-section-id=\"bumhnq\" data-start=\"103\" data-end=\"192\">\u010cvrste naramenice s podesivim regulatorom straga za jednostavno prilago\u0111avanje du\u017eine<\/li>\n<li data-section-id=\"1z0fixk\" data-start=\"193\" data-end=\"223\">Sigurno kop\u010danje na le\u0111ima<\/li>\n<li data-section-id=\"8ov9wt\" data-start=\"224\" data-end=\"274\">Svi metalni dijelovi hipoalergijski, bez nikla<\/li>\n<li data-section-id=\"hgssrc\" data-start=\"275\" data-end=\"343\">Elegantni, suptilni rezovi na prednjoj strani ga\u0107ica i grudnjaka<\/li>\n<li data-section-id=\"183pr3u\" data-start=\"344\" data-end=\"414\">Prednja strana grudnjaka i ga\u0107ica podstavljena za dodatnu udobnost<\/li>\n<\/ul>\n","protected":false},"excerpt":{"rendered":"<p>\u010cvrste naramenice s podesivim regulatorom straga za jednostavno prilago\u0111avanje du\u017eine Sigurno kop\u010danje na le\u0111ima Svi metalni dijelovi hipoalergijski, bez nikla Elegantni, suptilni rezovi na prednjoj strani ga\u0107ica i grudnjaka Prednja strana grudnjaka i ga\u0107ica podstavljena za dodatnu udobnost<\/p>\n","protected":false},"featured_media":4540,"comment_status":"closed","ping_status":"closed","template":"","meta":{"_acf_changed":false},"product_brand":[],"product_cat":[29,47,48,30],"product_tag":[306,294,309],"class_list":{"0":"post-1673","1":"product","2":"type-product","3":"status-publish","4":"has-post-thumbnail","6":"product_cat-kupaci-kostimi","7":"product_cat-outlet","8":"product_cat-zene","9":"product_cat-zenski-kupaci","10":"product_tag-zenski-dvodijelni-kupaci","11":"product_tag-zenski-kupaci-kostim","12":"product_tag-zica","14":"first","15":"instock","16":"sale","17":"shipping-taxable","18":"purchasable","19":"product-type-variable"},"acf":[],"_links":{"self":[{"href":"https:\/\/pletix.hr\/en\/wp-json\/wp\/v2\/product\/1673","targetHints":{"allow":["GET"]}}],"collection":[{"href":"https:\/\/pletix.hr\/en\/wp-json\/wp\/v2\/product"}],"about":[{"href":"https:\/\/pletix.hr\/en\/wp-json\/wp\/v2\/types\/product"}],"replies":[{"embeddable":true,"href":"https:\/\/pletix.hr\/en\/wp-json\/wp\/v2\/comments?post=1673"}],"wp:featuredmedia":[{"embeddable":true,"href":"https:\/\/pletix.hr\/en\/wp-json\/wp\/v2\/media\/4540"}],"wp:attachment":[{"href":"https:\/\/pletix.hr\/en\/wp-json\/wp\/v2\/media?parent=1673"}],"wp:term":[{"taxonomy":"product_brand","embeddable":true,"href":"https:\/\/pletix.hr\/en\/wp-json\/wp\/v2\/product_brand?post=1673"},{"taxonomy":"product_cat","embeddable":true,"href":"https:\/\/pletix.hr\/en\/wp-json\/wp\/v2\/product_cat?post=1673"},{"taxonomy":"product_tag","embeddable":true,"href":"https:\/\/pletix.hr\/en\/wp-json\/wp\/v2\/product_tag?post=1673"}],"curies":[{"name":"wp","href":"https:\/\/api.w.org\/{rel}","templated":true}]}}