{"id":1677,"date":"2024-12-16T08:29:18","date_gmt":"2024-12-16T07:29:18","guid":{"rendered":"https:\/\/pletix.hr\/?post_type=product&#038;p=1677"},"modified":"2026-03-25T06:33:26","modified_gmt":"2026-03-25T05:33:26","slug":"sofra","status":"publish","type":"product","link":"https:\/\/pletix.hr\/en\/product\/sofra\/","title":{"rendered":"Sofra"},"content":{"rendered":"<ul>\n<li>\u017denski jednodijelni kupa\u0107i kostim s ko\u0161aricama bez \u017eice<\/li>\n<li>Elegantni model koji lagano oblikuje liniju<\/li>\n<li>Podstavljen na prednjem dijelu<\/li>\n<li>U\u0161ivene ko\u0161arice od mekane pjene i \u0161iroka elastika ispod grudi<\/li>\n<\/ul>\n","protected":false},"excerpt":{"rendered":"<p>\u017denski jednodijelni kupa\u0107i kostim s ko\u0161aricama bez \u017eice Elegantni model koji lagano oblikuje liniju Podstavljen na prednjem dijelu U\u0161ivene ko\u0161arice od mekane pjene i \u0161iroka elastika ispod grudi<\/p>\n","protected":false},"featured_media":4433,"comment_status":"closed","ping_status":"closed","template":"","meta":{"_acf_changed":false},"product_brand":[],"product_cat":[29,47,48,30],"product_tag":[301,294],"class_list":{"0":"post-1677","1":"product","2":"type-product","3":"status-publish","4":"has-post-thumbnail","6":"product_cat-kupaci-kostimi","7":"product_cat-outlet","8":"product_cat-zene","9":"product_cat-zenski-kupaci","10":"product_tag-jednodijelni","11":"product_tag-zenski-kupaci-kostim","13":"first","14":"instock","15":"sale","16":"shipping-taxable","17":"purchasable","18":"product-type-variable"},"acf":[],"_links":{"self":[{"href":"https:\/\/pletix.hr\/en\/wp-json\/wp\/v2\/product\/1677","targetHints":{"allow":["GET"]}}],"collection":[{"href":"https:\/\/pletix.hr\/en\/wp-json\/wp\/v2\/product"}],"about":[{"href":"https:\/\/pletix.hr\/en\/wp-json\/wp\/v2\/types\/product"}],"replies":[{"embeddable":true,"href":"https:\/\/pletix.hr\/en\/wp-json\/wp\/v2\/comments?post=1677"}],"wp:featuredmedia":[{"embeddable":true,"href":"https:\/\/pletix.hr\/en\/wp-json\/wp\/v2\/media\/4433"}],"wp:attachment":[{"href":"https:\/\/pletix.hr\/en\/wp-json\/wp\/v2\/media?parent=1677"}],"wp:term":[{"taxonomy":"product_brand","embeddable":true,"href":"https:\/\/pletix.hr\/en\/wp-json\/wp\/v2\/product_brand?post=1677"},{"taxonomy":"product_cat","embeddable":true,"href":"https:\/\/pletix.hr\/en\/wp-json\/wp\/v2\/product_cat?post=1677"},{"taxonomy":"product_tag","embeddable":true,"href":"https:\/\/pletix.hr\/en\/wp-json\/wp\/v2\/product_tag?post=1677"}],"curies":[{"name":"wp","href":"https:\/\/api.w.org\/{rel}","templated":true}]}}