{"id":1678,"date":"2024-12-16T08:31:24","date_gmt":"2024-12-16T07:31:24","guid":{"rendered":"https:\/\/pletix.hr\/?post_type=product&#038;p=1678"},"modified":"2026-03-17T14:57:33","modified_gmt":"2026-03-17T13:57:33","slug":"sorc","status":"publish","type":"product","link":"https:\/\/pletix.hr\/en\/product\/sorc\/","title":{"rendered":"\u0160orc"},"content":{"rendered":"<ul>\n<li>\u017denske kupa\u0107e ga\u0107ice s nogavicama<\/li>\n<li>Srednje visine \u2013 blago povi\u0161en struk<\/li>\n<\/ul>\n","protected":false},"excerpt":{"rendered":"<p>\u017denske kupa\u0107e ga\u0107ice s nogavicama Srednje visine \u2013 blago povi\u0161en struk<\/p>\n","protected":false},"featured_media":2904,"comment_status":"closed","ping_status":"closed","template":"","meta":{"_acf_changed":false},"product_brand":[],"product_cat":[29,47,48,30],"product_tag":[313,314],"class_list":{"0":"post-1678","1":"product","2":"type-product","3":"status-publish","4":"has-post-thumbnail","6":"product_cat-kupaci-kostimi","7":"product_cat-outlet","8":"product_cat-zene","9":"product_cat-zenski-kupaci","10":"product_tag-gacice","11":"product_tag-single","13":"first","14":"instock","15":"sale","16":"shipping-taxable","17":"purchasable","18":"product-type-variable"},"acf":[],"_links":{"self":[{"href":"https:\/\/pletix.hr\/en\/wp-json\/wp\/v2\/product\/1678","targetHints":{"allow":["GET"]}}],"collection":[{"href":"https:\/\/pletix.hr\/en\/wp-json\/wp\/v2\/product"}],"about":[{"href":"https:\/\/pletix.hr\/en\/wp-json\/wp\/v2\/types\/product"}],"replies":[{"embeddable":true,"href":"https:\/\/pletix.hr\/en\/wp-json\/wp\/v2\/comments?post=1678"}],"wp:featuredmedia":[{"embeddable":true,"href":"https:\/\/pletix.hr\/en\/wp-json\/wp\/v2\/media\/2904"}],"wp:attachment":[{"href":"https:\/\/pletix.hr\/en\/wp-json\/wp\/v2\/media?parent=1678"}],"wp:term":[{"taxonomy":"product_brand","embeddable":true,"href":"https:\/\/pletix.hr\/en\/wp-json\/wp\/v2\/product_brand?post=1678"},{"taxonomy":"product_cat","embeddable":true,"href":"https:\/\/pletix.hr\/en\/wp-json\/wp\/v2\/product_cat?post=1678"},{"taxonomy":"product_tag","embeddable":true,"href":"https:\/\/pletix.hr\/en\/wp-json\/wp\/v2\/product_tag?post=1678"}],"curies":[{"name":"wp","href":"https:\/\/api.w.org\/{rel}","templated":true}]}}