{"id":1681,"date":"2024-12-16T08:37:53","date_gmt":"2024-12-16T07:37:53","guid":{"rendered":"https:\/\/pletix.hr\/?post_type=product&#038;p=1681"},"modified":"2026-03-17T15:08:16","modified_gmt":"2026-03-17T14:08:16","slug":"brazilke","status":"publish","type":"product","link":"https:\/\/pletix.hr\/en\/product\/brazilke\/","title":{"rendered":"Brazilke"},"content":{"rendered":"<ul>\n<li>\u017denske kupa\u0107e ga\u0107ice na vezanje<\/li>\n<li>Bo\u010dne ma\u0161nice za pode\u0161avanje \u0161irine<\/li>\n<li>Dvostruki sloj materijala sa skrivenim \u0161avovima<\/li>\n<li>Tanki, fini \u201esensitive\u201c materijal koji se brzo su\u0161i<\/li>\n<li>Popularni kroj brazilke \u2013 su\u017eeni stra\u017enji dio ga\u0107ica sa skrivenim \u0161avom za glatki izgled<\/li>\n<\/ul>\n","protected":false},"excerpt":{"rendered":"<p>\u017denske kupa\u0107e ga\u0107ice na vezanje Bo\u010dne ma\u0161nice za pode\u0161avanje \u0161irine Dvostruki sloj materijala sa skrivenim \u0161avovima Tanki, fini \u201esensitive\u201c materijal koji se brzo su\u0161i Popularni kroj brazilke \u2013 su\u017eeni stra\u017enji dio ga\u0107ica sa skrivenim \u0161avom za glatki izgled<\/p>\n","protected":false},"featured_media":2861,"comment_status":"closed","ping_status":"closed","template":"","meta":{"_acf_changed":false},"product_brand":[],"product_cat":[29,47,48,30],"product_tag":[313,314],"class_list":{"0":"post-1681","1":"product","2":"type-product","3":"status-publish","4":"has-post-thumbnail","6":"product_cat-kupaci-kostimi","7":"product_cat-outlet","8":"product_cat-zene","9":"product_cat-zenski-kupaci","10":"product_tag-gacice","11":"product_tag-single","13":"first","14":"instock","15":"sale","16":"shipping-taxable","17":"purchasable","18":"product-type-variable"},"acf":[],"_links":{"self":[{"href":"https:\/\/pletix.hr\/en\/wp-json\/wp\/v2\/product\/1681","targetHints":{"allow":["GET"]}}],"collection":[{"href":"https:\/\/pletix.hr\/en\/wp-json\/wp\/v2\/product"}],"about":[{"href":"https:\/\/pletix.hr\/en\/wp-json\/wp\/v2\/types\/product"}],"replies":[{"embeddable":true,"href":"https:\/\/pletix.hr\/en\/wp-json\/wp\/v2\/comments?post=1681"}],"wp:featuredmedia":[{"embeddable":true,"href":"https:\/\/pletix.hr\/en\/wp-json\/wp\/v2\/media\/2861"}],"wp:attachment":[{"href":"https:\/\/pletix.hr\/en\/wp-json\/wp\/v2\/media?parent=1681"}],"wp:term":[{"taxonomy":"product_brand","embeddable":true,"href":"https:\/\/pletix.hr\/en\/wp-json\/wp\/v2\/product_brand?post=1681"},{"taxonomy":"product_cat","embeddable":true,"href":"https:\/\/pletix.hr\/en\/wp-json\/wp\/v2\/product_cat?post=1681"},{"taxonomy":"product_tag","embeddable":true,"href":"https:\/\/pletix.hr\/en\/wp-json\/wp\/v2\/product_tag?post=1681"}],"curies":[{"name":"wp","href":"https:\/\/api.w.org\/{rel}","templated":true}]}}