{"id":1750,"date":"2024-12-05T12:23:25","date_gmt":"2024-12-05T11:23:25","guid":{"rendered":"https:\/\/pletix.hr\/product\/touch\/"},"modified":"2025-10-21T13:32:24","modified_gmt":"2025-10-21T11:32:24","slug":"touch","status":"publish","type":"product","link":"https:\/\/pletix.hr\/en\/product\/touch\/","title":{"rendered":"Touch"},"content":{"rendered":"<p>&nbsp;<\/p>\n<ul>\n<li>Udoban \u017eenski pamu\u010dni body klasi\u010dnog kroja sa dugim rukavima<\/li>\n<li>Odgovara svakoj situaciji &#8211;\u00a0S hla\u010dama,\u00a0uz suknju ili ispod majice<\/li>\n<li>Podru\u010dje ga\u0107ica klasi\u010dnog kroja<\/li>\n<li>Kop\u010danje u me\u0111uno\u017eju na kukice<\/li>\n<\/ul>\n","protected":false},"excerpt":{"rendered":"<p>&nbsp; Udoban \u017eenski pamu\u010dni body klasi\u010dnog kroja sa dugim rukavima Odgovara svakoj situaciji &#8211;\u00a0S hla\u010dama,\u00a0uz suknju ili ispod majice Podru\u010dje ga\u0107ica klasi\u010dnog kroja Kop\u010danje u me\u0111uno\u017eju na kukice<\/p>\n","protected":false},"featured_media":2433,"comment_status":"closed","ping_status":"closed","template":"","meta":{"_acf_changed":false},"product_brand":[],"product_cat":[85,77,91,76,93,90],"product_tag":[],"class_list":{"0":"post-1750","1":"product","2":"type-product","3":"status-publish","4":"has-post-thumbnail","6":"product_cat-apparel","7":"product_cat-body-overalls","8":"product_cat-outlet-en","9":"product_cat-underwear","10":"product_cat-women","11":"product_cat-womens-t-shirts","13":"first","14":"instock","15":"sale","16":"shipping-taxable","17":"purchasable","18":"product-type-variable"},"acf":[],"_links":{"self":[{"href":"https:\/\/pletix.hr\/en\/wp-json\/wp\/v2\/product\/1750","targetHints":{"allow":["GET"]}}],"collection":[{"href":"https:\/\/pletix.hr\/en\/wp-json\/wp\/v2\/product"}],"about":[{"href":"https:\/\/pletix.hr\/en\/wp-json\/wp\/v2\/types\/product"}],"replies":[{"embeddable":true,"href":"https:\/\/pletix.hr\/en\/wp-json\/wp\/v2\/comments?post=1750"}],"wp:featuredmedia":[{"embeddable":true,"href":"https:\/\/pletix.hr\/en\/wp-json\/wp\/v2\/media\/2433"}],"wp:attachment":[{"href":"https:\/\/pletix.hr\/en\/wp-json\/wp\/v2\/media?parent=1750"}],"wp:term":[{"taxonomy":"product_brand","embeddable":true,"href":"https:\/\/pletix.hr\/en\/wp-json\/wp\/v2\/product_brand?post=1750"},{"taxonomy":"product_cat","embeddable":true,"href":"https:\/\/pletix.hr\/en\/wp-json\/wp\/v2\/product_cat?post=1750"},{"taxonomy":"product_tag","embeddable":true,"href":"https:\/\/pletix.hr\/en\/wp-json\/wp\/v2\/product_tag?post=1750"}],"curies":[{"name":"wp","href":"https:\/\/api.w.org\/{rel}","templated":true}]}}