{"id":1816,"date":"2024-12-16T13:39:49","date_gmt":"2024-12-16T12:39:49","guid":{"rendered":"https:\/\/pletix.hr\/?post_type=product&#038;p=1816"},"modified":"2026-03-25T06:16:43","modified_gmt":"2026-03-25T05:16:43","slug":"rita","status":"publish","type":"product","link":"https:\/\/pletix.hr\/en\/product\/rita\/","title":{"rendered":"Rita"},"content":{"rendered":"<ul>\n<li>Klasi\u010dan dvodijelni kupa\u0107i kostim<\/li>\n<li>Grudnjak bez \u017eice i ko\u0161arica<\/li>\n<li>\u0160iroke naramenice pru\u017eaju dodatnu sigurnost<\/li>\n<li>Kop\u010danje na le\u0111ima<\/li>\n<li>Primjeren za ve\u0107e grudi<\/li>\n<li>Ga\u0107ice visokog struka<\/li>\n<li>Jednobojan model s ukrasnim paspulima na grudnjaku<\/li>\n<\/ul>\n","protected":false},"excerpt":{"rendered":"<p>Klasi\u010dan dvodijelni kupa\u0107i kostim Grudnjak bez \u017eice i ko\u0161arica \u0160iroke naramenice pru\u017eaju dodatnu sigurnost Kop\u010danje na le\u0111ima Primjeren za ve\u0107e grudi Ga\u0107ice visokog struka Jednobojan model s ukrasnim paspulima na grudnjaku<\/p>\n","protected":false},"featured_media":3911,"comment_status":"closed","ping_status":"closed","template":"","meta":{"_acf_changed":false},"product_brand":[],"product_cat":[29,47,48,30],"product_tag":[104,306,307,294],"class_list":{"0":"post-1816","1":"product","2":"type-product","3":"status-publish","4":"has-post-thumbnail","6":"product_cat-kupaci-kostimi","7":"product_cat-outlet","8":"product_cat-zene","9":"product_cat-zenski-kupaci","10":"product_tag-pletix","11":"product_tag-zenski-dvodijelni-kupaci","12":"product_tag-zenski-dvodijelni-kupaci-kostim","13":"product_tag-zenski-kupaci-kostim","15":"first","16":"outofstock","17":"sale","18":"shipping-taxable","19":"purchasable","20":"product-type-variable"},"acf":[],"_links":{"self":[{"href":"https:\/\/pletix.hr\/en\/wp-json\/wp\/v2\/product\/1816","targetHints":{"allow":["GET"]}}],"collection":[{"href":"https:\/\/pletix.hr\/en\/wp-json\/wp\/v2\/product"}],"about":[{"href":"https:\/\/pletix.hr\/en\/wp-json\/wp\/v2\/types\/product"}],"replies":[{"embeddable":true,"href":"https:\/\/pletix.hr\/en\/wp-json\/wp\/v2\/comments?post=1816"}],"wp:featuredmedia":[{"embeddable":true,"href":"https:\/\/pletix.hr\/en\/wp-json\/wp\/v2\/media\/3911"}],"wp:attachment":[{"href":"https:\/\/pletix.hr\/en\/wp-json\/wp\/v2\/media?parent=1816"}],"wp:term":[{"taxonomy":"product_brand","embeddable":true,"href":"https:\/\/pletix.hr\/en\/wp-json\/wp\/v2\/product_brand?post=1816"},{"taxonomy":"product_cat","embeddable":true,"href":"https:\/\/pletix.hr\/en\/wp-json\/wp\/v2\/product_cat?post=1816"},{"taxonomy":"product_tag","embeddable":true,"href":"https:\/\/pletix.hr\/en\/wp-json\/wp\/v2\/product_tag?post=1816"}],"curies":[{"name":"wp","href":"https:\/\/api.w.org\/{rel}","templated":true}]}}