{"id":2878,"date":"2025-03-18T13:06:53","date_gmt":"2025-03-18T12:06:53","guid":{"rendered":"https:\/\/pletix.hr\/?post_type=product&#038;p=2878"},"modified":"2026-03-30T09:20:19","modified_gmt":"2026-03-30T07:20:19","slug":"mona-2","status":"publish","type":"product","link":"https:\/\/pletix.hr\/en\/product\/mona-2\/","title":{"rendered":"Mona"},"content":{"rendered":"<ul>\n<li>Jednodijelni kupa\u0107i kostim<\/li>\n<li>Naramenice s mogu\u0107no\u0161\u0107u regulacije<\/li>\n<li>Naramenice se mogu skinuti kako bi se dobio samostoje\u0107i model<\/li>\n<li>Ispod grudi na\u0161ivena \u0161iroka elastika za dodatnu potporu<\/li>\n<li>Vise\u0107e ko\u0161arice<\/li>\n<li>Podlo\u017eena prednjica<\/li>\n<li>Prednjica s tiskom, a le\u0111a jednobojna<\/li>\n<\/ul>\n","protected":false},"excerpt":{"rendered":"<p>Jednodijelni kupa\u0107i kostim Naramenice s mogu\u0107no\u0161\u0107u regulacije Naramenice se mogu skinuti kako bi se dobio samostoje\u0107i model Ispod grudi na\u0161ivena \u0161iroka elastika za dodatnu potporu Vise\u0107e ko\u0161arice Podlo\u017eena prednjica Prednjica s tiskom, a le\u0111a jednobojna<\/p>\n","protected":false},"featured_media":2883,"comment_status":"closed","ping_status":"closed","template":"","meta":{"_acf_changed":false},"product_brand":[],"product_cat":[29,47,48,30],"product_tag":[301,308,312,304],"class_list":{"0":"post-2878","1":"product","2":"type-product","3":"status-publish","4":"has-post-thumbnail","6":"product_cat-kupaci-kostimi","7":"product_cat-outlet","8":"product_cat-zene","9":"product_cat-zenski-kupaci","10":"product_tag-jednodijelni","11":"product_tag-kosarica","12":"product_tag-samostojeci","13":"product_tag-zenski-jednodijelni-kupaci-kostim","15":"first","16":"instock","17":"sale","18":"shipping-taxable","19":"purchasable","20":"product-type-variable"},"acf":[],"_links":{"self":[{"href":"https:\/\/pletix.hr\/en\/wp-json\/wp\/v2\/product\/2878","targetHints":{"allow":["GET"]}}],"collection":[{"href":"https:\/\/pletix.hr\/en\/wp-json\/wp\/v2\/product"}],"about":[{"href":"https:\/\/pletix.hr\/en\/wp-json\/wp\/v2\/types\/product"}],"replies":[{"embeddable":true,"href":"https:\/\/pletix.hr\/en\/wp-json\/wp\/v2\/comments?post=2878"}],"wp:featuredmedia":[{"embeddable":true,"href":"https:\/\/pletix.hr\/en\/wp-json\/wp\/v2\/media\/2883"}],"wp:attachment":[{"href":"https:\/\/pletix.hr\/en\/wp-json\/wp\/v2\/media?parent=2878"}],"wp:term":[{"taxonomy":"product_brand","embeddable":true,"href":"https:\/\/pletix.hr\/en\/wp-json\/wp\/v2\/product_brand?post=2878"},{"taxonomy":"product_cat","embeddable":true,"href":"https:\/\/pletix.hr\/en\/wp-json\/wp\/v2\/product_cat?post=2878"},{"taxonomy":"product_tag","embeddable":true,"href":"https:\/\/pletix.hr\/en\/wp-json\/wp\/v2\/product_tag?post=2878"}],"curies":[{"name":"wp","href":"https:\/\/api.w.org\/{rel}","templated":true}]}}