{"id":2889,"date":"2025-03-18T13:12:54","date_gmt":"2025-03-18T12:12:54","guid":{"rendered":"https:\/\/pletix.hr\/?post_type=product&#038;p=2889"},"modified":"2026-03-17T14:47:55","modified_gmt":"2026-03-17T13:47:55","slug":"saba-2","status":"publish","type":"product","link":"https:\/\/pletix.hr\/en\/product\/saba-2\/","title":{"rendered":"Saba"},"content":{"rendered":"<ul>\n<li>Jednodijelni kupa\u0107i kostim<\/li>\n<li>Klasi\u010dan model<\/li>\n<li>Bez ko\u0161arica<\/li>\n<li>Podstavljen tankom podlogom<\/li>\n<li>Ukrasni paspuli ispod prsa<\/li>\n<\/ul>\n","protected":false},"excerpt":{"rendered":"<p>Jednodijelni kupa\u0107i kostim Klasi\u010dan model Bez ko\u0161arica Podstavljen tankom podlogom Ukrasni paspuli ispod prsa<\/p>\n","protected":false},"featured_media":2894,"comment_status":"closed","ping_status":"closed","template":"","meta":{"_acf_changed":false},"product_brand":[],"product_cat":[29,47,48,30],"product_tag":[301,104,304],"class_list":{"0":"post-2889","1":"product","2":"type-product","3":"status-publish","4":"has-post-thumbnail","6":"product_cat-kupaci-kostimi","7":"product_cat-outlet","8":"product_cat-zene","9":"product_cat-zenski-kupaci","10":"product_tag-jednodijelni","11":"product_tag-pletix","12":"product_tag-zenski-jednodijelni-kupaci-kostim","14":"first","15":"instock","16":"sale","17":"shipping-taxable","18":"purchasable","19":"product-type-variable"},"acf":[],"_links":{"self":[{"href":"https:\/\/pletix.hr\/en\/wp-json\/wp\/v2\/product\/2889","targetHints":{"allow":["GET"]}}],"collection":[{"href":"https:\/\/pletix.hr\/en\/wp-json\/wp\/v2\/product"}],"about":[{"href":"https:\/\/pletix.hr\/en\/wp-json\/wp\/v2\/types\/product"}],"replies":[{"embeddable":true,"href":"https:\/\/pletix.hr\/en\/wp-json\/wp\/v2\/comments?post=2889"}],"wp:featuredmedia":[{"embeddable":true,"href":"https:\/\/pletix.hr\/en\/wp-json\/wp\/v2\/media\/2894"}],"wp:attachment":[{"href":"https:\/\/pletix.hr\/en\/wp-json\/wp\/v2\/media?parent=2889"}],"wp:term":[{"taxonomy":"product_brand","embeddable":true,"href":"https:\/\/pletix.hr\/en\/wp-json\/wp\/v2\/product_brand?post=2889"},{"taxonomy":"product_cat","embeddable":true,"href":"https:\/\/pletix.hr\/en\/wp-json\/wp\/v2\/product_cat?post=2889"},{"taxonomy":"product_tag","embeddable":true,"href":"https:\/\/pletix.hr\/en\/wp-json\/wp\/v2\/product_tag?post=2889"}],"curies":[{"name":"wp","href":"https:\/\/api.w.org\/{rel}","templated":true}]}}