{"id":2931,"date":"2025-03-19T12:13:22","date_gmt":"2025-03-19T11:13:22","guid":{"rendered":"https:\/\/pletix.hr\/?post_type=product&#038;p=2931"},"modified":"2026-03-10T10:00:44","modified_gmt":"2026-03-10T09:00:44","slug":"kalena","status":"publish","type":"product","link":"https:\/\/pletix.hr\/en\/product\/kalena\/","title":{"rendered":"Kalena"},"content":{"rendered":"<ul>\n<li>Dvodijelni klasi\u010dni kupa\u0107i kostim<\/li>\n<li>Grudnjak sa \u017eicom<\/li>\n<li>Grudnjak se kop\u010da na le\u0111ima<\/li>\n<li>Ga\u0107ice vi\u0161eg kroja podlo\u017eene s prednje strane<\/li>\n<\/ul>\n","protected":false},"excerpt":{"rendered":"<p>Dvodijelni klasi\u010dni kupa\u0107i kostim Grudnjak sa \u017eicom Grudnjak se kop\u010da na le\u0111ima Ga\u0107ice vi\u0161eg kroja podlo\u017eene s prednje strane<\/p>\n","protected":false},"featured_media":3629,"comment_status":"closed","ping_status":"closed","template":"","meta":{"_acf_changed":false},"product_brand":[],"product_cat":[29,47,48,30],"product_tag":[],"class_list":{"0":"post-2931","1":"product","2":"type-product","3":"status-publish","4":"has-post-thumbnail","6":"product_cat-kupaci-kostimi","7":"product_cat-outlet","8":"product_cat-zene","9":"product_cat-zenski-kupaci","11":"first","12":"instock","13":"sale","14":"shipping-taxable","15":"purchasable","16":"product-type-variable"},"acf":[],"_links":{"self":[{"href":"https:\/\/pletix.hr\/en\/wp-json\/wp\/v2\/product\/2931","targetHints":{"allow":["GET"]}}],"collection":[{"href":"https:\/\/pletix.hr\/en\/wp-json\/wp\/v2\/product"}],"about":[{"href":"https:\/\/pletix.hr\/en\/wp-json\/wp\/v2\/types\/product"}],"replies":[{"embeddable":true,"href":"https:\/\/pletix.hr\/en\/wp-json\/wp\/v2\/comments?post=2931"}],"wp:featuredmedia":[{"embeddable":true,"href":"https:\/\/pletix.hr\/en\/wp-json\/wp\/v2\/media\/3629"}],"wp:attachment":[{"href":"https:\/\/pletix.hr\/en\/wp-json\/wp\/v2\/media?parent=2931"}],"wp:term":[{"taxonomy":"product_brand","embeddable":true,"href":"https:\/\/pletix.hr\/en\/wp-json\/wp\/v2\/product_brand?post=2931"},{"taxonomy":"product_cat","embeddable":true,"href":"https:\/\/pletix.hr\/en\/wp-json\/wp\/v2\/product_cat?post=2931"},{"taxonomy":"product_tag","embeddable":true,"href":"https:\/\/pletix.hr\/en\/wp-json\/wp\/v2\/product_tag?post=2931"}],"curies":[{"name":"wp","href":"https:\/\/api.w.org\/{rel}","templated":true}]}}