{"id":2945,"date":"2025-03-19T12:34:21","date_gmt":"2025-03-19T11:34:21","guid":{"rendered":"https:\/\/pletix.hr\/?post_type=product&#038;p=2945"},"modified":"2026-03-17T13:51:18","modified_gmt":"2026-03-17T12:51:18","slug":"moria","status":"publish","type":"product","link":"https:\/\/pletix.hr\/en\/product\/moria\/","title":{"rendered":"Moria"},"content":{"rendered":"<ul>\n<li>Dvodjelni kupa\u0107i kostim<\/li>\n<li>Kalupirane ko\u0161arice s \u017eicom<\/li>\n<li>Naramenice s regulatorom za pode\u0161avanje du\u017eine<\/li>\n<li>Kop\u010danje na le\u0111ima<\/li>\n<li>Ga\u0107ice srednje visine<\/li>\n<li>Podstavljena prednjica ga\u0107ica<\/li>\n<\/ul>\n","protected":false},"excerpt":{"rendered":"<p>Dvodjelni kupa\u0107i kostim Kalupirane ko\u0161arice s \u017eicom Naramenice s regulatorom za pode\u0161avanje du\u017eine Kop\u010danje na le\u0111ima Ga\u0107ice srednje visine Podstavljena prednjica ga\u0107ica<\/p>\n","protected":false},"featured_media":2952,"comment_status":"closed","ping_status":"closed","template":"","meta":{"_acf_changed":false},"product_brand":[],"product_cat":[29,47,48,30],"product_tag":[308,104,306,307,294,309],"class_list":{"0":"post-2945","1":"product","2":"type-product","3":"status-publish","4":"has-post-thumbnail","6":"product_cat-kupaci-kostimi","7":"product_cat-outlet","8":"product_cat-zene","9":"product_cat-zenski-kupaci","10":"product_tag-kosarica","11":"product_tag-pletix","12":"product_tag-zenski-dvodijelni-kupaci","13":"product_tag-zenski-dvodijelni-kupaci-kostim","14":"product_tag-zenski-kupaci-kostim","15":"product_tag-zica","17":"first","18":"instock","19":"sale","20":"shipping-taxable","21":"purchasable","22":"product-type-variable"},"acf":[],"_links":{"self":[{"href":"https:\/\/pletix.hr\/en\/wp-json\/wp\/v2\/product\/2945","targetHints":{"allow":["GET"]}}],"collection":[{"href":"https:\/\/pletix.hr\/en\/wp-json\/wp\/v2\/product"}],"about":[{"href":"https:\/\/pletix.hr\/en\/wp-json\/wp\/v2\/types\/product"}],"replies":[{"embeddable":true,"href":"https:\/\/pletix.hr\/en\/wp-json\/wp\/v2\/comments?post=2945"}],"wp:featuredmedia":[{"embeddable":true,"href":"https:\/\/pletix.hr\/en\/wp-json\/wp\/v2\/media\/2952"}],"wp:attachment":[{"href":"https:\/\/pletix.hr\/en\/wp-json\/wp\/v2\/media?parent=2945"}],"wp:term":[{"taxonomy":"product_brand","embeddable":true,"href":"https:\/\/pletix.hr\/en\/wp-json\/wp\/v2\/product_brand?post=2945"},{"taxonomy":"product_cat","embeddable":true,"href":"https:\/\/pletix.hr\/en\/wp-json\/wp\/v2\/product_cat?post=2945"},{"taxonomy":"product_tag","embeddable":true,"href":"https:\/\/pletix.hr\/en\/wp-json\/wp\/v2\/product_tag?post=2945"}],"curies":[{"name":"wp","href":"https:\/\/api.w.org\/{rel}","templated":true}]}}