{"id":2967,"date":"2025-03-19T13:42:38","date_gmt":"2025-03-19T12:42:38","guid":{"rendered":"https:\/\/pletix.hr\/?post_type=product&#038;p=2967"},"modified":"2026-04-23T09:23:51","modified_gmt":"2026-04-23T07:23:51","slug":"verona","status":"publish","type":"product","link":"https:\/\/pletix.hr\/en\/product\/verona\/","title":{"rendered":"Verona"},"content":{"rendered":"<ul>\n<li data-section-id=\"10tflgp\" data-start=\"133\" data-end=\"209\">\n<p data-start=\"135\" data-end=\"209\">Grudnjak s kalupiranim ko\u0161aricama i \u017eicom za bolju potporu i oblikovanje<\/p>\n<\/li>\n<li data-section-id=\"1ci2qnk\" data-start=\"210\" data-end=\"273\">\n<p data-start=\"212\" data-end=\"273\">Naramenice s regulatorom za jednostavno pode\u0161avanje duljine<\/p>\n<\/li>\n<li data-section-id=\"iqo6h3\" data-start=\"274\" data-end=\"346\">\n<p data-start=\"276\" data-end=\"346\">Ga\u0107ice srednje visine bez vidljivog \u0161ava koje pru\u017eaju udobnost i lijepo pristaju figuri<\/p>\n<\/li>\n<li data-section-id=\"s93z9e\" data-start=\"347\" data-end=\"403\">\n<p data-start=\"349\" data-end=\"403\">Moderan i \u017eenstven model<\/p>\n<\/li>\n<\/ul>\n","protected":false},"excerpt":{"rendered":"<p>Grudnjak s kalupiranim ko\u0161aricama i \u017eicom za bolju potporu i oblikovanje Naramenice s regulatorom za jednostavno pode\u0161avanje duljine Ga\u0107ice srednje visine bez vidljivog \u0161ava koje pru\u017eaju udobnost i lijepo pristaju figuri Moderan i \u017eenstven model<\/p>\n","protected":false},"featured_media":3830,"comment_status":"closed","ping_status":"closed","template":"","meta":{"_acf_changed":false},"product_brand":[324],"product_cat":[29,47,48,30],"product_tag":[323,322,308,321,104,306,307,294,309],"class_list":{"0":"post-2967","1":"product","2":"type-product","3":"status-publish","4":"has-post-thumbnail","6":"product_brand-pletix","7":"product_cat-kupaci-kostimi","8":"product_cat-outlet","9":"product_cat-zene","10":"product_cat-zenski-kupaci","11":"product_tag-hrvatska","12":"product_tag-hrvatski-kupaci","13":"product_tag-kosarica","14":"product_tag-kupujmo-hrvatsko","15":"product_tag-pletix","16":"product_tag-zenski-dvodijelni-kupaci","17":"product_tag-zenski-dvodijelni-kupaci-kostim","18":"product_tag-zenski-kupaci-kostim","19":"product_tag-zica","21":"first","22":"instock","23":"sale","24":"shipping-taxable","25":"purchasable","26":"product-type-variable"},"acf":[],"_links":{"self":[{"href":"https:\/\/pletix.hr\/en\/wp-json\/wp\/v2\/product\/2967","targetHints":{"allow":["GET"]}}],"collection":[{"href":"https:\/\/pletix.hr\/en\/wp-json\/wp\/v2\/product"}],"about":[{"href":"https:\/\/pletix.hr\/en\/wp-json\/wp\/v2\/types\/product"}],"replies":[{"embeddable":true,"href":"https:\/\/pletix.hr\/en\/wp-json\/wp\/v2\/comments?post=2967"}],"wp:featuredmedia":[{"embeddable":true,"href":"https:\/\/pletix.hr\/en\/wp-json\/wp\/v2\/media\/3830"}],"wp:attachment":[{"href":"https:\/\/pletix.hr\/en\/wp-json\/wp\/v2\/media?parent=2967"}],"wp:term":[{"taxonomy":"product_brand","embeddable":true,"href":"https:\/\/pletix.hr\/en\/wp-json\/wp\/v2\/product_brand?post=2967"},{"taxonomy":"product_cat","embeddable":true,"href":"https:\/\/pletix.hr\/en\/wp-json\/wp\/v2\/product_cat?post=2967"},{"taxonomy":"product_tag","embeddable":true,"href":"https:\/\/pletix.hr\/en\/wp-json\/wp\/v2\/product_tag?post=2967"}],"curies":[{"name":"wp","href":"https:\/\/api.w.org\/{rel}","templated":true}]}}