{"id":3091,"date":"2025-04-04T09:15:17","date_gmt":"2025-04-04T07:15:17","guid":{"rendered":"https:\/\/pletix.hr\/?post_type=product&#038;p=3091"},"modified":"2026-03-25T06:21:37","modified_gmt":"2026-03-25T05:21:37","slug":"martinic","status":"publish","type":"product","link":"https:\/\/pletix.hr\/en\/product\/martinic\/","title":{"rendered":"Martinic"},"content":{"rendered":"<ul>\n<li>Ljetna, lagana, asimetri\u010dna suknja<\/li>\n<li>S prednje strane je du\u017eine iznad koljena, sa stra\u017enje ispod koljena<\/li>\n<li>Idelna za tople ljetne ve\u010deri ili odlazak na pla\u017eu<\/li>\n<\/ul>\n","protected":false},"excerpt":{"rendered":"<p>Ljetna, lagana, asimetri\u010dna suknja S prednje strane je du\u017eine iznad koljena, sa stra\u017enje ispod koljena Idelna za tople ljetne ve\u010deri ili odlazak na pla\u017eu<\/p>\n","protected":false},"featured_media":3108,"comment_status":"closed","ping_status":"closed","template":"","meta":{"_acf_changed":false},"product_brand":[],"product_cat":[29,45,32,41,47,48],"product_tag":[],"class_list":{"0":"post-3091","1":"product","2":"type-product","3":"status-publish","4":"has-post-thumbnail","6":"product_cat-kupaci-kostimi","7":"product_cat-haljine-suknje","8":"product_cat-ljetni-dodatni-program","9":"product_cat-odjeca","10":"product_cat-outlet","11":"product_cat-zene","13":"first","14":"instock","15":"sale","16":"shipping-taxable","17":"purchasable","18":"product-type-variable"},"acf":[],"_links":{"self":[{"href":"https:\/\/pletix.hr\/en\/wp-json\/wp\/v2\/product\/3091","targetHints":{"allow":["GET"]}}],"collection":[{"href":"https:\/\/pletix.hr\/en\/wp-json\/wp\/v2\/product"}],"about":[{"href":"https:\/\/pletix.hr\/en\/wp-json\/wp\/v2\/types\/product"}],"replies":[{"embeddable":true,"href":"https:\/\/pletix.hr\/en\/wp-json\/wp\/v2\/comments?post=3091"}],"wp:featuredmedia":[{"embeddable":true,"href":"https:\/\/pletix.hr\/en\/wp-json\/wp\/v2\/media\/3108"}],"wp:attachment":[{"href":"https:\/\/pletix.hr\/en\/wp-json\/wp\/v2\/media?parent=3091"}],"wp:term":[{"taxonomy":"product_brand","embeddable":true,"href":"https:\/\/pletix.hr\/en\/wp-json\/wp\/v2\/product_brand?post=3091"},{"taxonomy":"product_cat","embeddable":true,"href":"https:\/\/pletix.hr\/en\/wp-json\/wp\/v2\/product_cat?post=3091"},{"taxonomy":"product_tag","embeddable":true,"href":"https:\/\/pletix.hr\/en\/wp-json\/wp\/v2\/product_tag?post=3091"}],"curies":[{"name":"wp","href":"https:\/\/api.w.org\/{rel}","templated":true}]}}