{"id":3132,"date":"2025-04-04T12:07:09","date_gmt":"2025-04-04T10:07:09","guid":{"rendered":"https:\/\/pletix.hr\/?post_type=product&#038;p=3132"},"modified":"2026-03-17T15:18:32","modified_gmt":"2026-03-17T14:18:32","slug":"donny-2","status":"publish","type":"product","link":"https:\/\/pletix.hr\/en\/product\/donny-2\/","title":{"rendered":"Donny"},"content":{"rendered":"<ul>\n<li>Mu\u0161ke kupa\u0107e ga\u0107e<\/li>\n<li>Klasi\u010dni slip kroj s ukrasnim tankim i \u0161irokim paspulom na lijevom boku<\/li>\n<li>Podstavljena prednja strana<\/li>\n<li>Vezica iznutra za pode\u0161avanje struka<\/li>\n<\/ul>\n","protected":false},"excerpt":{"rendered":"<p>Mu\u0161ke kupa\u0107e ga\u0107e Klasi\u010dni slip kroj s ukrasnim tankim i \u0161irokim paspulom na lijevom boku Podstavljena prednja strana Vezica iznutra za pode\u0161avanje struka<\/p>\n","protected":false},"featured_media":3135,"comment_status":"closed","ping_status":"closed","template":"","meta":{"_acf_changed":false},"product_brand":[],"product_cat":[29,49,31,47],"product_tag":[316],"class_list":{"0":"post-3132","1":"product","2":"type-product","3":"status-publish","4":"has-post-thumbnail","6":"product_cat-kupaci-kostimi","7":"product_cat-muskarci","8":"product_cat-muski-kupaci","9":"product_cat-outlet","10":"product_tag-slip","12":"first","13":"instock","14":"sale","15":"shipping-taxable","16":"purchasable","17":"product-type-variable"},"acf":[],"_links":{"self":[{"href":"https:\/\/pletix.hr\/en\/wp-json\/wp\/v2\/product\/3132","targetHints":{"allow":["GET"]}}],"collection":[{"href":"https:\/\/pletix.hr\/en\/wp-json\/wp\/v2\/product"}],"about":[{"href":"https:\/\/pletix.hr\/en\/wp-json\/wp\/v2\/types\/product"}],"replies":[{"embeddable":true,"href":"https:\/\/pletix.hr\/en\/wp-json\/wp\/v2\/comments?post=3132"}],"wp:featuredmedia":[{"embeddable":true,"href":"https:\/\/pletix.hr\/en\/wp-json\/wp\/v2\/media\/3135"}],"wp:attachment":[{"href":"https:\/\/pletix.hr\/en\/wp-json\/wp\/v2\/media?parent=3132"}],"wp:term":[{"taxonomy":"product_brand","embeddable":true,"href":"https:\/\/pletix.hr\/en\/wp-json\/wp\/v2\/product_brand?post=3132"},{"taxonomy":"product_cat","embeddable":true,"href":"https:\/\/pletix.hr\/en\/wp-json\/wp\/v2\/product_cat?post=3132"},{"taxonomy":"product_tag","embeddable":true,"href":"https:\/\/pletix.hr\/en\/wp-json\/wp\/v2\/product_tag?post=3132"}],"curies":[{"name":"wp","href":"https:\/\/api.w.org\/{rel}","templated":true}]}}