{"id":3344,"date":"2025-05-23T11:11:05","date_gmt":"2025-05-23T09:11:05","guid":{"rendered":"https:\/\/pletix.hr\/?post_type=product&#038;p=3344"},"modified":"2026-03-30T09:15:28","modified_gmt":"2026-03-30T07:15:28","slug":"petra","status":"publish","type":"product","link":"https:\/\/pletix.hr\/en\/product\/petra\/","title":{"rendered":"Petra &#8211; medicinski"},"content":{"rendered":"<ul>\n<li>Dvodjelni kupa\u0107i kostim<\/li>\n<li>Dizajniran posebno za prsnu protezu<\/li>\n<li>Grudnjak ima u\u0161ivene ko\u0161arice i specijalni d\u017eep u koji se mo\u017ee umetnuti prsna proteza<\/li>\n<li>Kop\u010danje na le\u0111ima<\/li>\n<li>Regulatori na naramenicama za pode\u0161avanje du\u017eine<\/li>\n<li>Ga\u0107ice srednje visine<\/li>\n<\/ul>\n","protected":false},"excerpt":{"rendered":"<p>Dvodjelni kupa\u0107i kostim Dizajniran posebno za prsnu protezu Grudnjak ima u\u0161ivene ko\u0161arice i specijalni d\u017eep u koji se mo\u017ee umetnuti prsna proteza Kop\u010danje na le\u0111ima Regulatori na naramenicama za pode\u0161avanje du\u017eine Ga\u0107ice srednje visine<\/p>\n","protected":false},"featured_media":3446,"comment_status":"closed","ping_status":"closed","template":"","meta":{"_acf_changed":false},"product_brand":[],"product_cat":[29,47,48,30],"product_tag":[311,104,306,307,294],"class_list":{"0":"post-3344","1":"product","2":"type-product","3":"status-publish","4":"has-post-thumbnail","6":"product_cat-kupaci-kostimi","7":"product_cat-outlet","8":"product_cat-zene","9":"product_cat-zenski-kupaci","10":"product_tag-medicinski","11":"product_tag-pletix","12":"product_tag-zenski-dvodijelni-kupaci","13":"product_tag-zenski-dvodijelni-kupaci-kostim","14":"product_tag-zenski-kupaci-kostim","16":"first","17":"instock","18":"sale","19":"shipping-taxable","20":"purchasable","21":"product-type-variable"},"acf":[],"_links":{"self":[{"href":"https:\/\/pletix.hr\/en\/wp-json\/wp\/v2\/product\/3344","targetHints":{"allow":["GET"]}}],"collection":[{"href":"https:\/\/pletix.hr\/en\/wp-json\/wp\/v2\/product"}],"about":[{"href":"https:\/\/pletix.hr\/en\/wp-json\/wp\/v2\/types\/product"}],"replies":[{"embeddable":true,"href":"https:\/\/pletix.hr\/en\/wp-json\/wp\/v2\/comments?post=3344"}],"wp:featuredmedia":[{"embeddable":true,"href":"https:\/\/pletix.hr\/en\/wp-json\/wp\/v2\/media\/3446"}],"wp:attachment":[{"href":"https:\/\/pletix.hr\/en\/wp-json\/wp\/v2\/media?parent=3344"}],"wp:term":[{"taxonomy":"product_brand","embeddable":true,"href":"https:\/\/pletix.hr\/en\/wp-json\/wp\/v2\/product_brand?post=3344"},{"taxonomy":"product_cat","embeddable":true,"href":"https:\/\/pletix.hr\/en\/wp-json\/wp\/v2\/product_cat?post=3344"},{"taxonomy":"product_tag","embeddable":true,"href":"https:\/\/pletix.hr\/en\/wp-json\/wp\/v2\/product_tag?post=3344"}],"curies":[{"name":"wp","href":"https:\/\/api.w.org\/{rel}","templated":true}]}}