{"id":3490,"date":"2025-06-05T11:25:14","date_gmt":"2025-06-05T09:25:14","guid":{"rendered":"https:\/\/pletix.hr\/?post_type=product&#038;p=3490"},"modified":"2026-04-09T14:15:39","modified_gmt":"2026-04-09T12:15:39","slug":"bahia","status":"publish","type":"product","link":"https:\/\/pletix.hr\/en\/product\/bahia\/","title":{"rendered":"Bahia"},"content":{"rendered":"<ul>\n<li>Jednodijelni kupa\u0107i kostim<\/li>\n<li>S u\u0161ivenim ko\u0161aricama<\/li>\n<li>Podstavljena prednjica<\/li>\n<li>Nabori na prednjoj strani daju poseban efekt ovom modelu<\/li>\n<\/ul>\n","protected":false},"excerpt":{"rendered":"<p>Jednodijelni kupa\u0107i kostim S u\u0161ivenim ko\u0161aricama Podstavljena prednjica Nabori na prednjoj strani daju poseban efekt ovom modelu<\/p>\n","protected":false},"featured_media":3503,"comment_status":"closed","ping_status":"closed","template":"","meta":{"_acf_changed":false},"product_brand":[],"product_cat":[29,47,48,30],"product_tag":[301,308,304,294],"class_list":{"0":"post-3490","1":"product","2":"type-product","3":"status-publish","4":"has-post-thumbnail","6":"product_cat-kupaci-kostimi","7":"product_cat-outlet","8":"product_cat-zene","9":"product_cat-zenski-kupaci","10":"product_tag-jednodijelni","11":"product_tag-kosarica","12":"product_tag-zenski-jednodijelni-kupaci-kostim","13":"product_tag-zenski-kupaci-kostim","15":"first","16":"instock","17":"sale","18":"shipping-taxable","19":"purchasable","20":"product-type-variable"},"acf":[],"_links":{"self":[{"href":"https:\/\/pletix.hr\/en\/wp-json\/wp\/v2\/product\/3490","targetHints":{"allow":["GET"]}}],"collection":[{"href":"https:\/\/pletix.hr\/en\/wp-json\/wp\/v2\/product"}],"about":[{"href":"https:\/\/pletix.hr\/en\/wp-json\/wp\/v2\/types\/product"}],"replies":[{"embeddable":true,"href":"https:\/\/pletix.hr\/en\/wp-json\/wp\/v2\/comments?post=3490"}],"wp:featuredmedia":[{"embeddable":true,"href":"https:\/\/pletix.hr\/en\/wp-json\/wp\/v2\/media\/3503"}],"wp:attachment":[{"href":"https:\/\/pletix.hr\/en\/wp-json\/wp\/v2\/media?parent=3490"}],"wp:term":[{"taxonomy":"product_brand","embeddable":true,"href":"https:\/\/pletix.hr\/en\/wp-json\/wp\/v2\/product_brand?post=3490"},{"taxonomy":"product_cat","embeddable":true,"href":"https:\/\/pletix.hr\/en\/wp-json\/wp\/v2\/product_cat?post=3490"},{"taxonomy":"product_tag","embeddable":true,"href":"https:\/\/pletix.hr\/en\/wp-json\/wp\/v2\/product_tag?post=3490"}],"curies":[{"name":"wp","href":"https:\/\/api.w.org\/{rel}","templated":true}]}}