{"id":3631,"date":"2025-06-17T13:05:13","date_gmt":"2025-06-17T11:05:13","guid":{"rendered":"https:\/\/pletix.hr\/?post_type=product&#038;p=3631"},"modified":"2026-03-17T15:10:10","modified_gmt":"2026-03-17T14:10:10","slug":"urtika-copy","status":"publish","type":"product","link":"https:\/\/pletix.hr\/en\/product\/urtika-copy\/","title":{"rendered":"Binksa"},"content":{"rendered":"<ul>\n<li>Dvodjelni kupa\u0107i kostim<\/li>\n<li>Jedan od najprodavanijih push-up modela<\/li>\n<li>Push-up ko\u0161arice<\/li>\n<li>Kop\u010danje oko vrata i na le\u0111ima<\/li>\n<li>Ga\u0107ice ni\u017eeg kroja<\/li>\n<\/ul>\n","protected":false},"excerpt":{"rendered":"<p>Dvodjelni kupa\u0107i kostim Jedan od najprodavanijih push-up modela Push-up ko\u0161arice Kop\u010danje oko vrata i na le\u0111ima Ga\u0107ice ni\u017eeg kroja<\/p>\n","protected":false},"featured_media":3638,"comment_status":"closed","ping_status":"closed","template":"","meta":{"_acf_changed":false},"product_brand":[],"product_cat":[29,47,48,30],"product_tag":[308,104,310,306,307,294,309],"class_list":{"0":"post-3631","1":"product","2":"type-product","3":"status-publish","4":"has-post-thumbnail","6":"product_cat-kupaci-kostimi","7":"product_cat-outlet","8":"product_cat-zene","9":"product_cat-zenski-kupaci","10":"product_tag-kosarica","11":"product_tag-pletix","12":"product_tag-push-up","13":"product_tag-zenski-dvodijelni-kupaci","14":"product_tag-zenski-dvodijelni-kupaci-kostim","15":"product_tag-zenski-kupaci-kostim","16":"product_tag-zica","18":"first","19":"instock","20":"sale","21":"shipping-taxable","22":"purchasable","23":"product-type-variable"},"acf":[],"_links":{"self":[{"href":"https:\/\/pletix.hr\/en\/wp-json\/wp\/v2\/product\/3631","targetHints":{"allow":["GET"]}}],"collection":[{"href":"https:\/\/pletix.hr\/en\/wp-json\/wp\/v2\/product"}],"about":[{"href":"https:\/\/pletix.hr\/en\/wp-json\/wp\/v2\/types\/product"}],"replies":[{"embeddable":true,"href":"https:\/\/pletix.hr\/en\/wp-json\/wp\/v2\/comments?post=3631"}],"wp:featuredmedia":[{"embeddable":true,"href":"https:\/\/pletix.hr\/en\/wp-json\/wp\/v2\/media\/3638"}],"wp:attachment":[{"href":"https:\/\/pletix.hr\/en\/wp-json\/wp\/v2\/media?parent=3631"}],"wp:term":[{"taxonomy":"product_brand","embeddable":true,"href":"https:\/\/pletix.hr\/en\/wp-json\/wp\/v2\/product_brand?post=3631"},{"taxonomy":"product_cat","embeddable":true,"href":"https:\/\/pletix.hr\/en\/wp-json\/wp\/v2\/product_cat?post=3631"},{"taxonomy":"product_tag","embeddable":true,"href":"https:\/\/pletix.hr\/en\/wp-json\/wp\/v2\/product_tag?post=3631"}],"curies":[{"name":"wp","href":"https:\/\/api.w.org\/{rel}","templated":true}]}}