{"id":3783,"date":"2025-06-24T11:51:23","date_gmt":"2025-06-24T09:51:23","guid":{"rendered":"https:\/\/pletix.hr\/?post_type=product&#038;p=3783"},"modified":"2026-03-25T06:20:10","modified_gmt":"2026-03-25T05:20:10","slug":"sensation","status":"publish","type":"product","link":"https:\/\/pletix.hr\/en\/product\/sensation\/","title":{"rendered":"Sensation"},"content":{"rendered":"<ul>\n<li>Damski jednodijelni kupa\u0107i kostim<\/li>\n<li>Napravljen od vrlo mekanog i ugodnog materijala<\/li>\n<li>S \u010dvrstom ko\u0161aricom i \u017eicom<\/li>\n<li>Regulator na naramenicama za pode\u0161avanje du\u017eine<\/li>\n<\/ul>\n","protected":false},"excerpt":{"rendered":"<p>Damski jednodijelni kupa\u0107i kostim Napravljen od vrlo mekanog i ugodnog materijala S \u010dvrstom ko\u0161aricom i \u017eicom Regulator na naramenicama za pode\u0161avanje du\u017eine<\/p>\n","protected":false},"featured_media":3788,"comment_status":"closed","ping_status":"closed","template":"","meta":{"_acf_changed":false},"product_brand":[],"product_cat":[29,47,48,30],"product_tag":[],"class_list":{"0":"post-3783","1":"product","2":"type-product","3":"status-publish","4":"has-post-thumbnail","6":"product_cat-kupaci-kostimi","7":"product_cat-outlet","8":"product_cat-zene","9":"product_cat-zenski-kupaci","11":"first","12":"instock","13":"sale","14":"shipping-taxable","15":"purchasable","16":"product-type-variable"},"acf":[],"_links":{"self":[{"href":"https:\/\/pletix.hr\/en\/wp-json\/wp\/v2\/product\/3783","targetHints":{"allow":["GET"]}}],"collection":[{"href":"https:\/\/pletix.hr\/en\/wp-json\/wp\/v2\/product"}],"about":[{"href":"https:\/\/pletix.hr\/en\/wp-json\/wp\/v2\/types\/product"}],"replies":[{"embeddable":true,"href":"https:\/\/pletix.hr\/en\/wp-json\/wp\/v2\/comments?post=3783"}],"wp:featuredmedia":[{"embeddable":true,"href":"https:\/\/pletix.hr\/en\/wp-json\/wp\/v2\/media\/3788"}],"wp:attachment":[{"href":"https:\/\/pletix.hr\/en\/wp-json\/wp\/v2\/media?parent=3783"}],"wp:term":[{"taxonomy":"product_brand","embeddable":true,"href":"https:\/\/pletix.hr\/en\/wp-json\/wp\/v2\/product_brand?post=3783"},{"taxonomy":"product_cat","embeddable":true,"href":"https:\/\/pletix.hr\/en\/wp-json\/wp\/v2\/product_cat?post=3783"},{"taxonomy":"product_tag","embeddable":true,"href":"https:\/\/pletix.hr\/en\/wp-json\/wp\/v2\/product_tag?post=3783"}],"curies":[{"name":"wp","href":"https:\/\/api.w.org\/{rel}","templated":true}]}}