{"id":3923,"date":"2025-07-04T13:54:33","date_gmt":"2025-07-04T11:54:33","guid":{"rendered":"https:\/\/pletix.hr\/?post_type=product&#038;p=3923"},"modified":"2026-03-17T13:26:53","modified_gmt":"2026-03-17T12:26:53","slug":"hena","status":"publish","type":"product","link":"https:\/\/pletix.hr\/en\/product\/hena\/","title":{"rendered":"Hena"},"content":{"rendered":"<ul>\n<li>\u017denski dvodijelni kupa\u0107i kostim s ko\u0161aricama i \u017eicom<\/li>\n<li>Naramenice s regulatorom za pode\u0161avanje du\u017eine<\/li>\n<li>Ga\u0107ice s naborima na bokovima daju poseban izgled modelu<\/li>\n<li>Zelena varijanta u\u017eivo je tamnija<\/li>\n<\/ul>\n<p>&nbsp;<\/p>\n","protected":false},"excerpt":{"rendered":"<p>\u017denski dvodijelni kupa\u0107i kostim s ko\u0161aricama i \u017eicom Naramenice s regulatorom za pode\u0161avanje du\u017eine Ga\u0107ice s naborima na bokovima daju poseban izgled modelu Zelena varijanta u\u017eivo je tamnija &nbsp;<\/p>\n","protected":false},"featured_media":3941,"comment_status":"closed","ping_status":"closed","template":"","meta":{"_acf_changed":false},"product_brand":[],"product_cat":[29,47,48,30],"product_tag":[308,104,306,307,294,309],"class_list":{"0":"post-3923","1":"product","2":"type-product","3":"status-publish","4":"has-post-thumbnail","6":"product_cat-kupaci-kostimi","7":"product_cat-outlet","8":"product_cat-zene","9":"product_cat-zenski-kupaci","10":"product_tag-kosarica","11":"product_tag-pletix","12":"product_tag-zenski-dvodijelni-kupaci","13":"product_tag-zenski-dvodijelni-kupaci-kostim","14":"product_tag-zenski-kupaci-kostim","15":"product_tag-zica","17":"first","18":"instock","19":"sale","20":"shipping-taxable","21":"purchasable","22":"product-type-variable"},"acf":[],"_links":{"self":[{"href":"https:\/\/pletix.hr\/en\/wp-json\/wp\/v2\/product\/3923","targetHints":{"allow":["GET"]}}],"collection":[{"href":"https:\/\/pletix.hr\/en\/wp-json\/wp\/v2\/product"}],"about":[{"href":"https:\/\/pletix.hr\/en\/wp-json\/wp\/v2\/types\/product"}],"replies":[{"embeddable":true,"href":"https:\/\/pletix.hr\/en\/wp-json\/wp\/v2\/comments?post=3923"}],"wp:featuredmedia":[{"embeddable":true,"href":"https:\/\/pletix.hr\/en\/wp-json\/wp\/v2\/media\/3941"}],"wp:attachment":[{"href":"https:\/\/pletix.hr\/en\/wp-json\/wp\/v2\/media?parent=3923"}],"wp:term":[{"taxonomy":"product_brand","embeddable":true,"href":"https:\/\/pletix.hr\/en\/wp-json\/wp\/v2\/product_brand?post=3923"},{"taxonomy":"product_cat","embeddable":true,"href":"https:\/\/pletix.hr\/en\/wp-json\/wp\/v2\/product_cat?post=3923"},{"taxonomy":"product_tag","embeddable":true,"href":"https:\/\/pletix.hr\/en\/wp-json\/wp\/v2\/product_tag?post=3923"}],"curies":[{"name":"wp","href":"https:\/\/api.w.org\/{rel}","templated":true}]}}