{"id":4368,"date":"2026-03-11T07:00:08","date_gmt":"2026-03-11T06:00:08","guid":{"rendered":"https:\/\/pletix.hr\/?post_type=product&#038;p=4368"},"modified":"2026-04-09T14:15:33","modified_gmt":"2026-04-09T12:15:33","slug":"ringa","status":"publish","type":"product","link":"https:\/\/pletix.hr\/en\/product\/ringa\/","title":{"rendered":"Ringa"},"content":{"rendered":"<ul>\n<li data-section-id=\"vdztas\" data-start=\"52\" data-end=\"92\">\u017denski monokini s ko\u0161aricama i \u017eicom<\/li>\n<li data-section-id=\"c05vht\" data-start=\"93\" data-end=\"123\">Vezanje oko vrata ma\u0161nicom<\/li>\n<li data-section-id=\"1q1d4yv\" data-start=\"124\" data-end=\"144\">Push-up ko\u0161arice<\/li>\n<\/ul>\n","protected":false},"excerpt":{"rendered":"<p>Boje: Rozo siva<\/p>\n","protected":false},"featured_media":2655,"comment_status":"closed","ping_status":"closed","template":"","meta":{"_acf_changed":false},"product_brand":[],"product_cat":[29,47,48,30],"product_tag":[295,294],"class_list":{"0":"post-4368","1":"product","2":"type-product","3":"status-publish","4":"has-post-thumbnail","6":"product_cat-kupaci-kostimi","7":"product_cat-outlet","8":"product_cat-zene","9":"product_cat-zenski-kupaci","10":"product_tag-monokini","11":"product_tag-zenski-kupaci-kostim","13":"first","14":"outofstock","15":"sale","16":"featured","17":"shipping-taxable","18":"purchasable","19":"product-type-variable"},"acf":[],"_links":{"self":[{"href":"https:\/\/pletix.hr\/en\/wp-json\/wp\/v2\/product\/4368","targetHints":{"allow":["GET"]}}],"collection":[{"href":"https:\/\/pletix.hr\/en\/wp-json\/wp\/v2\/product"}],"about":[{"href":"https:\/\/pletix.hr\/en\/wp-json\/wp\/v2\/types\/product"}],"replies":[{"embeddable":true,"href":"https:\/\/pletix.hr\/en\/wp-json\/wp\/v2\/comments?post=4368"}],"wp:featuredmedia":[{"embeddable":true,"href":"https:\/\/pletix.hr\/en\/wp-json\/wp\/v2\/media\/2655"}],"wp:attachment":[{"href":"https:\/\/pletix.hr\/en\/wp-json\/wp\/v2\/media?parent=4368"}],"wp:term":[{"taxonomy":"product_brand","embeddable":true,"href":"https:\/\/pletix.hr\/en\/wp-json\/wp\/v2\/product_brand?post=4368"},{"taxonomy":"product_cat","embeddable":true,"href":"https:\/\/pletix.hr\/en\/wp-json\/wp\/v2\/product_cat?post=4368"},{"taxonomy":"product_tag","embeddable":true,"href":"https:\/\/pletix.hr\/en\/wp-json\/wp\/v2\/product_tag?post=4368"}],"curies":[{"name":"wp","href":"https:\/\/api.w.org\/{rel}","templated":true}]}}