{"id":4406,"date":"2026-03-11T09:21:51","date_gmt":"2026-03-11T08:21:51","guid":{"rendered":"https:\/\/pletix.hr\/?post_type=product&#038;p=4406"},"modified":"2026-03-13T09:39:55","modified_gmt":"2026-03-13T08:39:55","slug":"senia","status":"publish","type":"product","link":"https:\/\/pletix.hr\/en\/product\/senia\/","title":{"rendered":"Senia"},"content":{"rendered":"<ul>\n<li data-section-id=\"1do3mdn\" data-start=\"213\" data-end=\"231\">\u017denski dvodijelni kupa\u0107i kostim<\/li>\n<li>Model sa \u017eicom<\/li>\n<li>Grudnjak se ve\u017ee oko vrata i kop\u010da na le\u0111ima<\/li>\n<li data-section-id=\"1do3mdn\" data-start=\"213\" data-end=\"231\">Ga\u0107ice srednje visine s reguliranjem visine u boku<\/li>\n<li data-section-id=\"1do3mdn\" data-start=\"213\" data-end=\"231\">Luksuzni materijal najnovijeg trenda sa lurex nitima koje se presijavaju<\/li>\n<\/ul>\n","protected":false},"excerpt":{"rendered":"<p>\u017denski dvodijelni kupa\u0107i kostim Model sa \u017eicom Grudnjak se ve\u017ee oko vrata i kop\u010da na le\u0111ima Ga\u0107ice srednje visine s reguliranjem visine u boku Luksuzni materijal najnovijeg trenda sa lurex nitima koje se presijavaju<\/p>\n","protected":false},"featured_media":4413,"comment_status":"closed","ping_status":"closed","template":"","meta":{"_acf_changed":false},"product_brand":[],"product_cat":[29,47,48,30],"product_tag":[],"class_list":{"0":"post-4406","1":"product","2":"type-product","3":"status-publish","4":"has-post-thumbnail","6":"product_cat-kupaci-kostimi","7":"product_cat-outlet","8":"product_cat-zene","9":"product_cat-zenski-kupaci","11":"first","12":"instock","13":"sale","14":"shipping-taxable","15":"purchasable","16":"product-type-variable"},"acf":[],"_links":{"self":[{"href":"https:\/\/pletix.hr\/en\/wp-json\/wp\/v2\/product\/4406","targetHints":{"allow":["GET"]}}],"collection":[{"href":"https:\/\/pletix.hr\/en\/wp-json\/wp\/v2\/product"}],"about":[{"href":"https:\/\/pletix.hr\/en\/wp-json\/wp\/v2\/types\/product"}],"replies":[{"embeddable":true,"href":"https:\/\/pletix.hr\/en\/wp-json\/wp\/v2\/comments?post=4406"}],"wp:featuredmedia":[{"embeddable":true,"href":"https:\/\/pletix.hr\/en\/wp-json\/wp\/v2\/media\/4413"}],"wp:attachment":[{"href":"https:\/\/pletix.hr\/en\/wp-json\/wp\/v2\/media?parent=4406"}],"wp:term":[{"taxonomy":"product_brand","embeddable":true,"href":"https:\/\/pletix.hr\/en\/wp-json\/wp\/v2\/product_brand?post=4406"},{"taxonomy":"product_cat","embeddable":true,"href":"https:\/\/pletix.hr\/en\/wp-json\/wp\/v2\/product_cat?post=4406"},{"taxonomy":"product_tag","embeddable":true,"href":"https:\/\/pletix.hr\/en\/wp-json\/wp\/v2\/product_tag?post=4406"}],"curies":[{"name":"wp","href":"https:\/\/api.w.org\/{rel}","templated":true}]}}