{"id":4419,"date":"2026-03-11T10:02:23","date_gmt":"2026-03-11T09:02:23","guid":{"rendered":"https:\/\/pletix.hr\/?post_type=product&#038;p=4419"},"modified":"2026-03-13T12:50:33","modified_gmt":"2026-03-13T11:50:33","slug":"tigana","status":"publish","type":"product","link":"https:\/\/pletix.hr\/en\/product\/tigana\/","title":{"rendered":"Tigana"},"content":{"rendered":"<ul>\n<li data-section-id=\"1do3mdn\" data-start=\"213\" data-end=\"231\">\u017denski dvodijelni kupa\u0107i kostim s umetnutim ko\u0161aricama<\/li>\n<li data-section-id=\"1do3mdn\" data-start=\"213\" data-end=\"231\">\n<p data-start=\"215\" data-end=\"231\">Model bez \u017eice<\/p>\n<\/li>\n<li data-section-id=\"nbebqa\" data-start=\"232\" data-end=\"314\">\n<p data-start=\"234\" data-end=\"314\">Grudnjak je \u0161iroki trokut s trakicama za vezanje iza vrata<\/p>\n<\/li>\n<li data-section-id=\"1qbx5qp\" data-start=\"395\" data-end=\"447\">\n<p data-start=\"397\" data-end=\"447\">Ga\u0107ice srednje visine s podstavljenom prednjicom<\/p>\n<\/li>\n<li data-section-id=\"ro3ust\" data-start=\"448\" data-end=\"479\">\n<p data-start=\"450\" data-end=\"479\">Plasti\u010dni ukrasi na dekolteu i ga\u0107icama<\/p>\n<\/li>\n<\/ul>\n","protected":false},"excerpt":{"rendered":"<p>\u017denski dvodijelni kupa\u0107i kostim s umetnutim ko\u0161aricama Model bez \u017eice Grudnjak je \u0161iroki trokut s trakicama za vezanje iza vrata Ga\u0107ice srednje visine s podstavljenom prednjicom Plasti\u010dni ukrasi na dekolteu i ga\u0107icama<\/p>\n","protected":false},"featured_media":4422,"comment_status":"closed","ping_status":"closed","template":"","meta":{"_acf_changed":false},"product_brand":[],"product_cat":[29,47,48,30],"product_tag":[306,294],"class_list":{"0":"post-4419","1":"product","2":"type-product","3":"status-publish","4":"has-post-thumbnail","6":"product_cat-kupaci-kostimi","7":"product_cat-outlet","8":"product_cat-zene","9":"product_cat-zenski-kupaci","10":"product_tag-zenski-dvodijelni-kupaci","11":"product_tag-zenski-kupaci-kostim","13":"first","14":"instock","15":"sale","16":"shipping-taxable","17":"purchasable","18":"product-type-variable"},"acf":[],"_links":{"self":[{"href":"https:\/\/pletix.hr\/en\/wp-json\/wp\/v2\/product\/4419","targetHints":{"allow":["GET"]}}],"collection":[{"href":"https:\/\/pletix.hr\/en\/wp-json\/wp\/v2\/product"}],"about":[{"href":"https:\/\/pletix.hr\/en\/wp-json\/wp\/v2\/types\/product"}],"replies":[{"embeddable":true,"href":"https:\/\/pletix.hr\/en\/wp-json\/wp\/v2\/comments?post=4419"}],"wp:featuredmedia":[{"embeddable":true,"href":"https:\/\/pletix.hr\/en\/wp-json\/wp\/v2\/media\/4422"}],"wp:attachment":[{"href":"https:\/\/pletix.hr\/en\/wp-json\/wp\/v2\/media?parent=4419"}],"wp:term":[{"taxonomy":"product_brand","embeddable":true,"href":"https:\/\/pletix.hr\/en\/wp-json\/wp\/v2\/product_brand?post=4419"},{"taxonomy":"product_cat","embeddable":true,"href":"https:\/\/pletix.hr\/en\/wp-json\/wp\/v2\/product_cat?post=4419"},{"taxonomy":"product_tag","embeddable":true,"href":"https:\/\/pletix.hr\/en\/wp-json\/wp\/v2\/product_tag?post=4419"}],"curies":[{"name":"wp","href":"https:\/\/api.w.org\/{rel}","templated":true}]}}