{"id":4487,"date":"2026-03-13T06:58:13","date_gmt":"2026-03-13T05:58:13","guid":{"rendered":"https:\/\/pletix.hr\/?post_type=product&#038;p=4487"},"modified":"2026-03-17T06:49:46","modified_gmt":"2026-03-17T05:49:46","slug":"dorina","status":"publish","type":"product","link":"https:\/\/pletix.hr\/en\/product\/dorina\/","title":{"rendered":"Dorina"},"content":{"rendered":"<ul>\n<li>Dvodijelni klasi\u010dni kupa\u0107i kostim<\/li>\n<li>Grudnjak sa \u017eicom i kop\u010danjem na le\u0111ima<\/li>\n<li>Naramenice s regulatorom &#8211; mogu\u0107nost pode\u0161avanja du\u017eine naramenica<\/li>\n<li>Ga\u0107ice srednjeg kroja, podlo\u017eene s prednje strane<\/li>\n<\/ul>\n","protected":false},"excerpt":{"rendered":"<p>Dvodijelni klasi\u010dni kupa\u0107i kostim Grudnjak sa \u017eicom i kop\u010danjem na le\u0111ima Naramenice s regulatorom &#8211; mogu\u0107nost pode\u0161avanja du\u017eine naramenica Ga\u0107ice srednjeg kroja, podlo\u017eene s prednje strane<\/p>\n","protected":false},"featured_media":4508,"comment_status":"closed","ping_status":"closed","template":"","meta":{"_acf_changed":false},"product_brand":[],"product_cat":[29,47,48,30],"product_tag":[],"class_list":{"0":"post-4487","1":"product","2":"type-product","3":"status-publish","4":"has-post-thumbnail","6":"product_cat-kupaci-kostimi","7":"product_cat-outlet","8":"product_cat-zene","9":"product_cat-zenski-kupaci","11":"first","12":"instock","13":"sale","14":"shipping-taxable","15":"purchasable","16":"product-type-variable"},"acf":[],"_links":{"self":[{"href":"https:\/\/pletix.hr\/en\/wp-json\/wp\/v2\/product\/4487","targetHints":{"allow":["GET"]}}],"collection":[{"href":"https:\/\/pletix.hr\/en\/wp-json\/wp\/v2\/product"}],"about":[{"href":"https:\/\/pletix.hr\/en\/wp-json\/wp\/v2\/types\/product"}],"replies":[{"embeddable":true,"href":"https:\/\/pletix.hr\/en\/wp-json\/wp\/v2\/comments?post=4487"}],"wp:featuredmedia":[{"embeddable":true,"href":"https:\/\/pletix.hr\/en\/wp-json\/wp\/v2\/media\/4508"}],"wp:attachment":[{"href":"https:\/\/pletix.hr\/en\/wp-json\/wp\/v2\/media?parent=4487"}],"wp:term":[{"taxonomy":"product_brand","embeddable":true,"href":"https:\/\/pletix.hr\/en\/wp-json\/wp\/v2\/product_brand?post=4487"},{"taxonomy":"product_cat","embeddable":true,"href":"https:\/\/pletix.hr\/en\/wp-json\/wp\/v2\/product_cat?post=4487"},{"taxonomy":"product_tag","embeddable":true,"href":"https:\/\/pletix.hr\/en\/wp-json\/wp\/v2\/product_tag?post=4487"}],"curies":[{"name":"wp","href":"https:\/\/api.w.org\/{rel}","templated":true}]}}