{"id":4524,"date":"2026-03-13T07:55:51","date_gmt":"2026-03-13T06:55:51","guid":{"rendered":"https:\/\/pletix.hr\/?post_type=product&#038;p=4524"},"modified":"2026-03-16T08:26:41","modified_gmt":"2026-03-16T07:26:41","slug":"mersiha","status":"publish","type":"product","link":"https:\/\/pletix.hr\/en\/product\/mersiha\/","title":{"rendered":"Mersiha"},"content":{"rendered":"<ul>\n<li data-section-id=\"10tflgp\" data-start=\"133\" data-end=\"209\">\n<p data-start=\"135\" data-end=\"209\">Grudnjak s kalupiranim ko\u0161aricama i \u017eicom za bolju potporu i oblikovanje<\/p>\n<\/li>\n<li data-section-id=\"1ci2qnk\" data-start=\"210\" data-end=\"273\">\n<p data-start=\"212\" data-end=\"273\">Naramenice s regulatorom za jednostavno pode\u0161avanje duljine<\/p>\n<\/li>\n<li data-section-id=\"iqo6h3\" data-start=\"274\" data-end=\"346\">\n<p data-start=\"276\" data-end=\"346\">Ga\u0107ice srednje visine koje pru\u017eaju udobnost i lijepo pristaju figuri<\/p>\n<\/li>\n<li data-section-id=\"s93z9e\" data-start=\"347\" data-end=\"403\">\n<p data-start=\"349\" data-end=\"403\">Moderan i \u017eenstven model idealan za pla\u017eu ili bazen<\/p>\n<\/li>\n<\/ul>\n","protected":false},"excerpt":{"rendered":"<p>Grudnjak s kalupiranim ko\u0161aricama i \u017eicom za bolju potporu i oblikovanje Naramenice s regulatorom za jednostavno pode\u0161avanje duljine Ga\u0107ice srednje visine koje pru\u017eaju udobnost i lijepo pristaju figuri Moderan i \u017eenstven model idealan za pla\u017eu ili bazen<\/p>\n","protected":false},"featured_media":4527,"comment_status":"closed","ping_status":"closed","template":"","meta":{"_acf_changed":false},"product_brand":[],"product_cat":[29,47,48,30],"product_tag":[308,307,309],"class_list":{"0":"post-4524","1":"product","2":"type-product","3":"status-publish","4":"has-post-thumbnail","6":"product_cat-kupaci-kostimi","7":"product_cat-outlet","8":"product_cat-zene","9":"product_cat-zenski-kupaci","10":"product_tag-kosarica","11":"product_tag-zenski-dvodijelni-kupaci-kostim","12":"product_tag-zica","14":"first","15":"instock","16":"sale","17":"shipping-taxable","18":"purchasable","19":"product-type-variable"},"acf":[],"_links":{"self":[{"href":"https:\/\/pletix.hr\/en\/wp-json\/wp\/v2\/product\/4524","targetHints":{"allow":["GET"]}}],"collection":[{"href":"https:\/\/pletix.hr\/en\/wp-json\/wp\/v2\/product"}],"about":[{"href":"https:\/\/pletix.hr\/en\/wp-json\/wp\/v2\/types\/product"}],"replies":[{"embeddable":true,"href":"https:\/\/pletix.hr\/en\/wp-json\/wp\/v2\/comments?post=4524"}],"wp:featuredmedia":[{"embeddable":true,"href":"https:\/\/pletix.hr\/en\/wp-json\/wp\/v2\/media\/4527"}],"wp:attachment":[{"href":"https:\/\/pletix.hr\/en\/wp-json\/wp\/v2\/media?parent=4524"}],"wp:term":[{"taxonomy":"product_brand","embeddable":true,"href":"https:\/\/pletix.hr\/en\/wp-json\/wp\/v2\/product_brand?post=4524"},{"taxonomy":"product_cat","embeddable":true,"href":"https:\/\/pletix.hr\/en\/wp-json\/wp\/v2\/product_cat?post=4524"},{"taxonomy":"product_tag","embeddable":true,"href":"https:\/\/pletix.hr\/en\/wp-json\/wp\/v2\/product_tag?post=4524"}],"curies":[{"name":"wp","href":"https:\/\/api.w.org\/{rel}","templated":true}]}}