{"id":4532,"date":"2026-03-13T08:03:59","date_gmt":"2026-03-13T07:03:59","guid":{"rendered":"https:\/\/pletix.hr\/?post_type=product&#038;p=4532"},"modified":"2026-03-13T12:41:36","modified_gmt":"2026-03-13T11:41:36","slug":"sabea","status":"publish","type":"product","link":"https:\/\/pletix.hr\/en\/product\/sabea\/","title":{"rendered":"Sabea"},"content":{"rendered":"<ul>\n<li>Jednodijelni kupa\u0107i kostim klasi\u010dnog kroja<\/li>\n<li>Model bez ko\u0161arica, podstavljen tankom podstavom za ve\u0107u udobnost i bolje prianjanje uz tijelo<\/li>\n<\/ul>\n","protected":false},"excerpt":{"rendered":"<p>Jednodijelni kupa\u0107i kostim klasi\u010dnog kroja Model bez ko\u0161arica, podstavljen tankom podstavom za ve\u0107u udobnost i bolje prianjanje uz tijelo<\/p>\n","protected":false},"featured_media":4533,"comment_status":"closed","ping_status":"closed","template":"","meta":{"_acf_changed":false},"product_brand":[],"product_cat":[29,47,48,30],"product_tag":[304,305],"class_list":{"0":"post-4532","1":"product","2":"type-product","3":"status-publish","4":"has-post-thumbnail","6":"product_cat-kupaci-kostimi","7":"product_cat-outlet","8":"product_cat-zene","9":"product_cat-zenski-kupaci","10":"product_tag-zenski-jednodijelni-kupaci-kostim","11":"product_tag-zenski-kupacikostim","13":"first","14":"instock","15":"sale","16":"shipping-taxable","17":"purchasable","18":"product-type-variable"},"acf":[],"_links":{"self":[{"href":"https:\/\/pletix.hr\/en\/wp-json\/wp\/v2\/product\/4532","targetHints":{"allow":["GET"]}}],"collection":[{"href":"https:\/\/pletix.hr\/en\/wp-json\/wp\/v2\/product"}],"about":[{"href":"https:\/\/pletix.hr\/en\/wp-json\/wp\/v2\/types\/product"}],"replies":[{"embeddable":true,"href":"https:\/\/pletix.hr\/en\/wp-json\/wp\/v2\/comments?post=4532"}],"wp:featuredmedia":[{"embeddable":true,"href":"https:\/\/pletix.hr\/en\/wp-json\/wp\/v2\/media\/4533"}],"wp:attachment":[{"href":"https:\/\/pletix.hr\/en\/wp-json\/wp\/v2\/media?parent=4532"}],"wp:term":[{"taxonomy":"product_brand","embeddable":true,"href":"https:\/\/pletix.hr\/en\/wp-json\/wp\/v2\/product_brand?post=4532"},{"taxonomy":"product_cat","embeddable":true,"href":"https:\/\/pletix.hr\/en\/wp-json\/wp\/v2\/product_cat?post=4532"},{"taxonomy":"product_tag","embeddable":true,"href":"https:\/\/pletix.hr\/en\/wp-json\/wp\/v2\/product_tag?post=4532"}],"curies":[{"name":"wp","href":"https:\/\/api.w.org\/{rel}","templated":true}]}}