{"id":4810,"date":"2026-04-23T08:06:41","date_gmt":"2026-04-23T06:06:41","guid":{"rendered":"https:\/\/pletix.hr\/?post_type=product&#038;p=4810"},"modified":"2026-04-23T09:04:47","modified_gmt":"2026-04-23T07:04:47","slug":"barica","status":"publish","type":"product","link":"https:\/\/pletix.hr\/en\/product\/barica\/","title":{"rendered":"Barica"},"content":{"rendered":"<ul>\n<li>\u017denski dvodijelni kupa\u0107i kostim s ko\u0161aricama i \u017eicom<\/li>\n<li>\u0160iroke naramenice za sigurnu potporu, s regulatorom na stra\u017enjem dijelu za pode\u0161avanje du\u017eine<\/li>\n<li>Popularan model za ja\u010de grudi<\/li>\n<li>Ga\u0107ice s naborima na bokovima daju poseban izgled modelu<\/li>\n<\/ul>\n","protected":false},"excerpt":{"rendered":"<p>\u017denski dvodijelni kupa\u0107i kostim s ko\u0161aricama i \u017eicom \u0160iroke naramenice za sigurnu potporu, s regulatorom na stra\u017enjem dijelu za pode\u0161avanje du\u017eine Popularan model za ja\u010de grudi Ga\u0107ice s naborima na bokovima daju poseban izgled modelu<\/p>\n","protected":false},"featured_media":4811,"comment_status":"closed","ping_status":"closed","template":"","meta":{"_acf_changed":false},"product_brand":[324],"product_cat":[29,47,48,30],"product_tag":[323,322,308,321,104,306,307,294,305,309],"class_list":{"0":"post-4810","1":"product","2":"type-product","3":"status-publish","4":"has-post-thumbnail","6":"product_brand-pletix","7":"product_cat-kupaci-kostimi","8":"product_cat-outlet","9":"product_cat-zene","10":"product_cat-zenski-kupaci","11":"product_tag-hrvatska","12":"product_tag-hrvatski-kupaci","13":"product_tag-kosarica","14":"product_tag-kupujmo-hrvatsko","15":"product_tag-pletix","16":"product_tag-zenski-dvodijelni-kupaci","17":"product_tag-zenski-dvodijelni-kupaci-kostim","18":"product_tag-zenski-kupaci-kostim","19":"product_tag-zenski-kupacikostim","20":"product_tag-zica","22":"first","23":"instock","24":"sale","25":"shipping-taxable","26":"purchasable","27":"product-type-variable"},"acf":[],"_links":{"self":[{"href":"https:\/\/pletix.hr\/en\/wp-json\/wp\/v2\/product\/4810","targetHints":{"allow":["GET"]}}],"collection":[{"href":"https:\/\/pletix.hr\/en\/wp-json\/wp\/v2\/product"}],"about":[{"href":"https:\/\/pletix.hr\/en\/wp-json\/wp\/v2\/types\/product"}],"replies":[{"embeddable":true,"href":"https:\/\/pletix.hr\/en\/wp-json\/wp\/v2\/comments?post=4810"}],"wp:featuredmedia":[{"embeddable":true,"href":"https:\/\/pletix.hr\/en\/wp-json\/wp\/v2\/media\/4811"}],"wp:attachment":[{"href":"https:\/\/pletix.hr\/en\/wp-json\/wp\/v2\/media?parent=4810"}],"wp:term":[{"taxonomy":"product_brand","embeddable":true,"href":"https:\/\/pletix.hr\/en\/wp-json\/wp\/v2\/product_brand?post=4810"},{"taxonomy":"product_cat","embeddable":true,"href":"https:\/\/pletix.hr\/en\/wp-json\/wp\/v2\/product_cat?post=4810"},{"taxonomy":"product_tag","embeddable":true,"href":"https:\/\/pletix.hr\/en\/wp-json\/wp\/v2\/product_tag?post=4810"}],"curies":[{"name":"wp","href":"https:\/\/api.w.org\/{rel}","templated":true}]}}