{"id":612,"date":"2024-11-11T12:07:03","date_gmt":"2024-11-11T11:07:03","guid":{"rendered":"https:\/\/pletix.hr\/?post_type=product&#038;p=612"},"modified":"2025-11-10T14:00:10","modified_gmt":"2025-11-10T13:00:10","slug":"boliana","status":"publish","type":"product","link":"https:\/\/pletix.hr\/en\/product\/boliana\/","title":{"rendered":"Boliana"},"content":{"rendered":"<ul>\n<li>Udoban pamu\u010dni\u00a0\u017eenski body u stilu potko\u0161ulje.<\/li>\n<li>Savr\u0161eno prijanja uz tijelo<\/li>\n<li>Idealan za no\u0161enje ispod ko\u0161ulja ili gornjih majica<\/li>\n<li>Kop\u010danje u me\u0111uno\u017eju na kukice<\/li>\n<\/ul>\n","protected":false},"excerpt":{"rendered":"<p>Udoban pamu\u010dni\u00a0\u017eenski body u stilu potko\u0161ulje. Savr\u0161eno prijanja uz tijelo Idealan za no\u0161enje ispod ko\u0161ulja ili gornjih majica Kop\u010danje u me\u0111uno\u017eju na kukice<\/p>\n","protected":false},"featured_media":613,"comment_status":"closed","ping_status":"closed","template":"","meta":{"_acf_changed":false},"product_brand":[],"product_cat":[37,36],"product_tag":[102,103,104],"class_list":{"0":"post-612","1":"product","2":"type-product","3":"status-publish","4":"has-post-thumbnail","6":"product_cat-body-kombine","7":"product_cat-donje-rublje","8":"product_tag-body","9":"product_tag-boliana","10":"product_tag-pletix","12":"first","13":"instock","14":"shipping-taxable","15":"purchasable","16":"product-type-variable"},"acf":[],"_links":{"self":[{"href":"https:\/\/pletix.hr\/en\/wp-json\/wp\/v2\/product\/612","targetHints":{"allow":["GET"]}}],"collection":[{"href":"https:\/\/pletix.hr\/en\/wp-json\/wp\/v2\/product"}],"about":[{"href":"https:\/\/pletix.hr\/en\/wp-json\/wp\/v2\/types\/product"}],"replies":[{"embeddable":true,"href":"https:\/\/pletix.hr\/en\/wp-json\/wp\/v2\/comments?post=612"}],"wp:featuredmedia":[{"embeddable":true,"href":"https:\/\/pletix.hr\/en\/wp-json\/wp\/v2\/media\/613"}],"wp:attachment":[{"href":"https:\/\/pletix.hr\/en\/wp-json\/wp\/v2\/media?parent=612"}],"wp:term":[{"taxonomy":"product_brand","embeddable":true,"href":"https:\/\/pletix.hr\/en\/wp-json\/wp\/v2\/product_brand?post=612"},{"taxonomy":"product_cat","embeddable":true,"href":"https:\/\/pletix.hr\/en\/wp-json\/wp\/v2\/product_cat?post=612"},{"taxonomy":"product_tag","embeddable":true,"href":"https:\/\/pletix.hr\/en\/wp-json\/wp\/v2\/product_tag?post=612"}],"curies":[{"name":"wp","href":"https:\/\/api.w.org\/{rel}","templated":true}]}}