{"id":726,"date":"2024-12-02T09:09:14","date_gmt":"2024-12-02T08:09:14","guid":{"rendered":"https:\/\/pletix.hr\/?post_type=product&#038;p=726"},"modified":"2026-03-13T18:29:16","modified_gmt":"2026-03-13T17:29:16","slug":"mabo","status":"publish","type":"product","link":"https:\/\/pletix.hr\/en\/product\/mabo\/","title":{"rendered":"Mabo"},"content":{"rendered":"<ul>\n<li>Udoban \u017eenski pamu\u010dni body klasi\u010dnog kroja sa dugim rukavima<\/li>\n<li>Odgovara svakoj situaciji &#8211; S hla\u010dama, uz suknju ili ispod majIce<\/li>\n<li>Podru\u010dje ga\u0107ica klasi\u010dnog kroja<\/li>\n<li>Kop\u010danje u me\u0111uno\u017eju na kukice<\/li>\n<\/ul>\n","protected":false},"excerpt":{"rendered":"<p>Udoban \u017eenski pamu\u010dni body klasi\u010dnog kroja sa dugim rukavima Odgovara svakoj situaciji &#8211; S hla\u010dama, uz suknju ili ispod majIce Podru\u010dje ga\u0107ica klasi\u010dnog kroja Kop\u010danje u me\u0111uno\u017eju na kukice<\/p>\n","protected":false},"featured_media":2476,"comment_status":"closed","ping_status":"closed","template":"","meta":{"_acf_changed":false},"product_brand":[],"product_cat":[37,36],"product_tag":[],"class_list":{"0":"post-726","1":"product","2":"type-product","3":"status-publish","4":"has-post-thumbnail","6":"product_cat-body-kombine","7":"product_cat-donje-rublje","9":"first","10":"instock","11":"shipping-taxable","12":"purchasable","13":"product-type-variable","14":"has-default-attributes"},"acf":[],"_links":{"self":[{"href":"https:\/\/pletix.hr\/en\/wp-json\/wp\/v2\/product\/726","targetHints":{"allow":["GET"]}}],"collection":[{"href":"https:\/\/pletix.hr\/en\/wp-json\/wp\/v2\/product"}],"about":[{"href":"https:\/\/pletix.hr\/en\/wp-json\/wp\/v2\/types\/product"}],"replies":[{"embeddable":true,"href":"https:\/\/pletix.hr\/en\/wp-json\/wp\/v2\/comments?post=726"}],"wp:featuredmedia":[{"embeddable":true,"href":"https:\/\/pletix.hr\/en\/wp-json\/wp\/v2\/media\/2476"}],"wp:attachment":[{"href":"https:\/\/pletix.hr\/en\/wp-json\/wp\/v2\/media?parent=726"}],"wp:term":[{"taxonomy":"product_brand","embeddable":true,"href":"https:\/\/pletix.hr\/en\/wp-json\/wp\/v2\/product_brand?post=726"},{"taxonomy":"product_cat","embeddable":true,"href":"https:\/\/pletix.hr\/en\/wp-json\/wp\/v2\/product_cat?post=726"},{"taxonomy":"product_tag","embeddable":true,"href":"https:\/\/pletix.hr\/en\/wp-json\/wp\/v2\/product_tag?post=726"}],"curies":[{"name":"wp","href":"https:\/\/api.w.org\/{rel}","templated":true}]}}