{"id":801,"date":"2024-12-03T07:55:28","date_gmt":"2024-12-03T06:55:28","guid":{"rendered":"https:\/\/pletix.hr\/?post_type=product&#038;p=801"},"modified":"2026-03-10T06:34:41","modified_gmt":"2026-03-10T05:34:41","slug":"liana","status":"publish","type":"product","link":"https:\/\/pletix.hr\/en\/product\/liana\/","title":{"rendered":"Liana"},"content":{"rendered":"<ul>\n<li>Elasti\u010dna pamu\u010dna potko\u0161ulja s uskim\u00a0naramenicama<\/li>\n<li>Ugodan materijal kombinacije pamuka i elastana savr\u0161eno prianja uz tijelo<\/li>\n<li>Idealna za no\u0161enje ispod pripijene odje\u0107e<\/li>\n<li>dostupna u bijeloj, crnoj i be\u017e boji<\/li>\n<li>Na\u0161 bestseller u kategoriji potko\u0161ulja<\/li>\n<\/ul>\n","protected":false},"excerpt":{"rendered":"<p>Elasti\u010dna pamu\u010dna potko\u0161ulja s uskim\u00a0naramenicama Ugodan materijal kombinacije pamuka i elastana savr\u0161eno prianja uz tijelo Idealna za no\u0161enje ispod pripijene odje\u0107e dostupna u bijeloj, crnoj i be\u017e boji Na\u0161 bestseller u kategoriji potko\u0161ulja<\/p>\n","protected":false},"featured_media":2544,"comment_status":"closed","ping_status":"closed","template":"","meta":{"_acf_changed":false},"product_brand":[],"product_cat":[36,38],"product_tag":[],"class_list":{"0":"post-801","1":"product","2":"type-product","3":"status-publish","4":"has-post-thumbnail","6":"product_cat-donje-rublje","7":"product_cat-zenske-potkosulje-donje-majice","9":"first","10":"instock","11":"shipping-taxable","12":"purchasable","13":"product-type-variable"},"acf":[],"_links":{"self":[{"href":"https:\/\/pletix.hr\/en\/wp-json\/wp\/v2\/product\/801","targetHints":{"allow":["GET"]}}],"collection":[{"href":"https:\/\/pletix.hr\/en\/wp-json\/wp\/v2\/product"}],"about":[{"href":"https:\/\/pletix.hr\/en\/wp-json\/wp\/v2\/types\/product"}],"replies":[{"embeddable":true,"href":"https:\/\/pletix.hr\/en\/wp-json\/wp\/v2\/comments?post=801"}],"wp:featuredmedia":[{"embeddable":true,"href":"https:\/\/pletix.hr\/en\/wp-json\/wp\/v2\/media\/2544"}],"wp:attachment":[{"href":"https:\/\/pletix.hr\/en\/wp-json\/wp\/v2\/media?parent=801"}],"wp:term":[{"taxonomy":"product_brand","embeddable":true,"href":"https:\/\/pletix.hr\/en\/wp-json\/wp\/v2\/product_brand?post=801"},{"taxonomy":"product_cat","embeddable":true,"href":"https:\/\/pletix.hr\/en\/wp-json\/wp\/v2\/product_cat?post=801"},{"taxonomy":"product_tag","embeddable":true,"href":"https:\/\/pletix.hr\/en\/wp-json\/wp\/v2\/product_tag?post=801"}],"curies":[{"name":"wp","href":"https:\/\/api.w.org\/{rel}","templated":true}]}}