{"id":823,"date":"2024-12-03T10:50:59","date_gmt":"2024-12-03T09:50:59","guid":{"rendered":"https:\/\/pletix.hr\/?post_type=product&#038;p=823"},"modified":"2026-01-27T13:23:42","modified_gmt":"2026-01-27T12:23:42","slug":"mara","status":"publish","type":"product","link":"https:\/\/pletix.hr\/en\/product\/mara\/","title":{"rendered":"Mara"},"content":{"rendered":"<ul>\n<li>Potko\u0161ulja\u00a0iz ugodne kombinacije prirodnih materijala micromodala i pamuka<\/li>\n<li>Rubovi su glatki, bez elastike za be\u0161avan izgled<\/li>\n<li>Odli\u010dan izbor za svakodnevno no\u0161enje<\/li>\n<li>Mogu\u0107nost no\u0161enja kao donje rublje ili kao gornja majica<\/li>\n<\/ul>\n","protected":false},"excerpt":{"rendered":"<p>Potko\u0161ulja\u00a0iz ugodne kombinacije prirodnih materijala micromodala i pamuka Rubovi su glatki, bez elastike za be\u0161avan izgled Odli\u010dan izbor za svakodnevno no\u0161enje Mogu\u0107nost no\u0161enja kao donje rublje ili kao gornja majica<\/p>\n","protected":false},"featured_media":2562,"comment_status":"closed","ping_status":"closed","template":"","meta":{"_acf_changed":false},"product_brand":[],"product_cat":[36,38],"product_tag":[],"class_list":{"0":"post-823","1":"product","2":"type-product","3":"status-publish","4":"has-post-thumbnail","6":"product_cat-donje-rublje","7":"product_cat-zenske-potkosulje-donje-majice","9":"first","10":"instock","11":"sale","12":"shipping-taxable","13":"purchasable","14":"product-type-variable"},"acf":[],"_links":{"self":[{"href":"https:\/\/pletix.hr\/en\/wp-json\/wp\/v2\/product\/823","targetHints":{"allow":["GET"]}}],"collection":[{"href":"https:\/\/pletix.hr\/en\/wp-json\/wp\/v2\/product"}],"about":[{"href":"https:\/\/pletix.hr\/en\/wp-json\/wp\/v2\/types\/product"}],"replies":[{"embeddable":true,"href":"https:\/\/pletix.hr\/en\/wp-json\/wp\/v2\/comments?post=823"}],"wp:featuredmedia":[{"embeddable":true,"href":"https:\/\/pletix.hr\/en\/wp-json\/wp\/v2\/media\/2562"}],"wp:attachment":[{"href":"https:\/\/pletix.hr\/en\/wp-json\/wp\/v2\/media?parent=823"}],"wp:term":[{"taxonomy":"product_brand","embeddable":true,"href":"https:\/\/pletix.hr\/en\/wp-json\/wp\/v2\/product_brand?post=823"},{"taxonomy":"product_cat","embeddable":true,"href":"https:\/\/pletix.hr\/en\/wp-json\/wp\/v2\/product_cat?post=823"},{"taxonomy":"product_tag","embeddable":true,"href":"https:\/\/pletix.hr\/en\/wp-json\/wp\/v2\/product_tag?post=823"}],"curies":[{"name":"wp","href":"https:\/\/api.w.org\/{rel}","templated":true}]}}