{"id":881,"date":"2024-12-03T12:10:15","date_gmt":"2024-12-03T11:10:15","guid":{"rendered":"https:\/\/pletix.hr\/?post_type=product&#038;p=881"},"modified":"2026-04-09T18:34:25","modified_gmt":"2026-04-09T16:34:25","slug":"alisa","status":"publish","type":"product","link":"https:\/\/pletix.hr\/en\/product\/alisa\/","title":{"rendered":"Alisa"},"content":{"rendered":"<ul>\n<li>Elasti\u010dna pamu\u010dna potko\u0161ulja sa \u0161irim naramenicama<\/li>\n<li>\u0160ire\u00a0naramenice\u00a0osiguravaju udobno no\u0161enje<\/li>\n<li>Rezana ispod grudi i oblikovana za dodatnu potporu<\/li>\n<li>Elastika ispod grudi\u00a0omogu\u0107ava da\u00a0se mo\u017ee nositi i bez grudnjaka ispod<\/li>\n<li>Ma\u0161nica u dekolteu<\/li>\n<li>Mo\u017ee se nositi kao potko\u0161ulja ili kao gornja majica<\/li>\n<\/ul>\n","protected":false},"excerpt":{"rendered":"<p>Elasti\u010dna pamu\u010dna potko\u0161ulja sa \u0161irim naramenicama \u0160ire\u00a0naramenice\u00a0osiguravaju udobno no\u0161enje Rezana ispod grudi i oblikovana za dodatnu potporu Elastika ispod grudi\u00a0omogu\u0107ava da\u00a0se mo\u017ee nositi i bez grudnjaka ispod Ma\u0161nica u dekolteu Mo\u017ee se nositi kao potko\u0161ulja ili kao gornja majica<\/p>\n","protected":false},"featured_media":2367,"comment_status":"closed","ping_status":"closed","template":"","meta":{"_acf_changed":false},"product_brand":[],"product_cat":[36,38],"product_tag":[],"class_list":{"0":"post-881","1":"product","2":"type-product","3":"status-publish","4":"has-post-thumbnail","6":"product_cat-donje-rublje","7":"product_cat-zenske-potkosulje-donje-majice","9":"first","10":"instock","11":"shipping-taxable","12":"purchasable","13":"product-type-variable"},"acf":[],"_links":{"self":[{"href":"https:\/\/pletix.hr\/en\/wp-json\/wp\/v2\/product\/881","targetHints":{"allow":["GET"]}}],"collection":[{"href":"https:\/\/pletix.hr\/en\/wp-json\/wp\/v2\/product"}],"about":[{"href":"https:\/\/pletix.hr\/en\/wp-json\/wp\/v2\/types\/product"}],"replies":[{"embeddable":true,"href":"https:\/\/pletix.hr\/en\/wp-json\/wp\/v2\/comments?post=881"}],"wp:featuredmedia":[{"embeddable":true,"href":"https:\/\/pletix.hr\/en\/wp-json\/wp\/v2\/media\/2367"}],"wp:attachment":[{"href":"https:\/\/pletix.hr\/en\/wp-json\/wp\/v2\/media?parent=881"}],"wp:term":[{"taxonomy":"product_brand","embeddable":true,"href":"https:\/\/pletix.hr\/en\/wp-json\/wp\/v2\/product_brand?post=881"},{"taxonomy":"product_cat","embeddable":true,"href":"https:\/\/pletix.hr\/en\/wp-json\/wp\/v2\/product_cat?post=881"},{"taxonomy":"product_tag","embeddable":true,"href":"https:\/\/pletix.hr\/en\/wp-json\/wp\/v2\/product_tag?post=881"}],"curies":[{"name":"wp","href":"https:\/\/api.w.org\/{rel}","templated":true}]}}