{"id":907,"date":"2024-12-03T13:12:36","date_gmt":"2024-12-03T12:12:36","guid":{"rendered":"https:\/\/pletix.hr\/?post_type=product&#038;p=907"},"modified":"2026-04-09T07:06:37","modified_gmt":"2026-04-09T05:06:37","slug":"valuta","status":"publish","type":"product","link":"https:\/\/pletix.hr\/en\/product\/valuta\/","title":{"rendered":"Valuta"},"content":{"rendered":"<ul>\n<li>\u017denska majica s kratkim rukavima<\/li>\n<li>Pamu\u010dni materijal s elastanom dealno se prijanja uz tijelo<\/li>\n<li>Glatki rubovi za ugodan be\u0161avan osje\u0107aj<\/li>\n<li>Prikladna kao\u00a0donje rublje ili kao gornja majica<\/li>\n<\/ul>\n<p>&nbsp;<\/p>\n","protected":false},"excerpt":{"rendered":"<p>\u017denska majica s kratkim rukavima Pamu\u010dni materijal s elastanom dealno se prijanja uz tijelo Glatki rubovi za ugodan be\u0161avan osje\u0107aj Prikladna kao\u00a0donje rublje ili kao gornja majica &nbsp;<\/p>\n","protected":false},"featured_media":2460,"comment_status":"closed","ping_status":"closed","template":"","meta":{"_acf_changed":false},"product_brand":[],"product_cat":[36,29,47,48,38],"product_tag":[],"class_list":{"0":"post-907","1":"product","2":"type-product","3":"status-publish","4":"has-post-thumbnail","6":"product_cat-donje-rublje","7":"product_cat-kupaci-kostimi","8":"product_cat-outlet","9":"product_cat-zene","10":"product_cat-zenske-potkosulje-donje-majice","12":"first","13":"instock","14":"sale","15":"shipping-taxable","16":"purchasable","17":"product-type-variable"},"acf":[],"_links":{"self":[{"href":"https:\/\/pletix.hr\/en\/wp-json\/wp\/v2\/product\/907","targetHints":{"allow":["GET"]}}],"collection":[{"href":"https:\/\/pletix.hr\/en\/wp-json\/wp\/v2\/product"}],"about":[{"href":"https:\/\/pletix.hr\/en\/wp-json\/wp\/v2\/types\/product"}],"replies":[{"embeddable":true,"href":"https:\/\/pletix.hr\/en\/wp-json\/wp\/v2\/comments?post=907"}],"wp:featuredmedia":[{"embeddable":true,"href":"https:\/\/pletix.hr\/en\/wp-json\/wp\/v2\/media\/2460"}],"wp:attachment":[{"href":"https:\/\/pletix.hr\/en\/wp-json\/wp\/v2\/media?parent=907"}],"wp:term":[{"taxonomy":"product_brand","embeddable":true,"href":"https:\/\/pletix.hr\/en\/wp-json\/wp\/v2\/product_brand?post=907"},{"taxonomy":"product_cat","embeddable":true,"href":"https:\/\/pletix.hr\/en\/wp-json\/wp\/v2\/product_cat?post=907"},{"taxonomy":"product_tag","embeddable":true,"href":"https:\/\/pletix.hr\/en\/wp-json\/wp\/v2\/product_tag?post=907"}],"curies":[{"name":"wp","href":"https:\/\/api.w.org\/{rel}","templated":true}]}}