{"id":987,"date":"2024-12-05T08:15:18","date_gmt":"2024-12-05T07:15:18","guid":{"rendered":"https:\/\/pletix.hr\/?post_type=product&#038;p=987"},"modified":"2026-04-10T11:21:26","modified_gmt":"2026-04-10T09:21:26","slug":"liza","status":"publish","type":"product","link":"https:\/\/pletix.hr\/en\/product\/liza\/","title":{"rendered":"Liza"},"content":{"rendered":"<ul>\n<li>Pamu\u010dne ga\u0107ice srednje visine<\/li>\n<li>Fini rebrasti tanki pamuk s ukrasnom \u010dipkom u struku<\/li>\n<li>U pojasu pregibna satenska elastika<\/li>\n<li>Dostupne u bijeloj i crnoj boji<\/li>\n<\/ul>\n","protected":false},"excerpt":{"rendered":"<p>Pamu\u010dne ga\u0107ice srednje visine Fini rebrasti tanki pamuk s ukrasnom \u010dipkom u struku U pojasu pregibna satenska elastika Dostupne u bijeloj i crnoj boji<\/p>\n","protected":false},"featured_media":2572,"comment_status":"closed","ping_status":"closed","template":"","meta":{"_acf_changed":false},"product_brand":[],"product_cat":[36,39],"product_tag":[],"class_list":{"0":"post-987","1":"product","2":"type-product","3":"status-publish","4":"has-post-thumbnail","6":"product_cat-donje-rublje","7":"product_cat-zenske-gacice-i-steznici","9":"first","10":"instock","11":"sale","12":"shipping-taxable","13":"purchasable","14":"product-type-variable"},"acf":[],"_links":{"self":[{"href":"https:\/\/pletix.hr\/en\/wp-json\/wp\/v2\/product\/987","targetHints":{"allow":["GET"]}}],"collection":[{"href":"https:\/\/pletix.hr\/en\/wp-json\/wp\/v2\/product"}],"about":[{"href":"https:\/\/pletix.hr\/en\/wp-json\/wp\/v2\/types\/product"}],"replies":[{"embeddable":true,"href":"https:\/\/pletix.hr\/en\/wp-json\/wp\/v2\/comments?post=987"}],"wp:featuredmedia":[{"embeddable":true,"href":"https:\/\/pletix.hr\/en\/wp-json\/wp\/v2\/media\/2572"}],"wp:attachment":[{"href":"https:\/\/pletix.hr\/en\/wp-json\/wp\/v2\/media?parent=987"}],"wp:term":[{"taxonomy":"product_brand","embeddable":true,"href":"https:\/\/pletix.hr\/en\/wp-json\/wp\/v2\/product_brand?post=987"},{"taxonomy":"product_cat","embeddable":true,"href":"https:\/\/pletix.hr\/en\/wp-json\/wp\/v2\/product_cat?post=987"},{"taxonomy":"product_tag","embeddable":true,"href":"https:\/\/pletix.hr\/en\/wp-json\/wp\/v2\/product_tag?post=987"}],"curies":[{"name":"wp","href":"https:\/\/api.w.org\/{rel}","templated":true}]}}